{"id":1198,"date":"2023-11-15T10:07:17","date_gmt":"2023-11-15T09:07:17","guid":{"rendered":"http:\/\/arnaboldiinteriors.it\/contacts\/"},"modified":"2024-02-23T15:52:52","modified_gmt":"2024-02-23T14:52:52","slug":"contacts","status":"publish","type":"page","link":"https:\/\/arnaboldiinteriors.it\/fr\/contacts\/","title":{"rendered":"Contacts"},"content":{"rendered":"<section class=\"wpb-content-wrapper\"><p>[vc_row full_width=&#8221;stretch_row_content_no_spaces&#8221;][vc_column]<div class='google_map_shortcode_holder' style='height:450px;'><div class='qode_google_map' style='height:450px;' id='map_canvas_98165' data-addresses='[\"Viale Cesare Cattaneo, 24 \u2013 22063 Cantu\u0300\"]' data-custom-map-style='false' data-color-overlay='#393939' data-saturation='-100' data-lightness='-60' data-zoom='15' data-pin='https:\/\/arnaboldiinteriors.it\/wp-content\/uploads\/2024\/02\/pin.png' data-unique-id='98165' data-google-maps-scroll-wheel='false' data-snazzy-map-style='no' data-map-height='450'><\/div><div class='google_map_shortcode_overlay'><\/div><\/div>[\/vc_column][\/vc_row][vc_row el_class=&#8221;custom-breadcrumb&#8221;][vc_column][vc_column_text]<a href=\"https:\/\/arnaboldiinteriors.it\/fr\/\">Home page<\/a> &gt; Contacts[\/vc_column_text][\/vc_column][\/vc_row][vc_row][vc_column][vc_empty_space height=&#8221;100px&#8221;][\/vc_column][\/vc_row][vc_row][vc_column][vc_column_text]<\/p>\n<p style=\"text-align: center;\">CONTACTS<\/p>\n<p>[\/vc_column_text][vc_row_inner][vc_column_inner offset=&#8221;vc_hidden-lg vc_hidden-md&#8221;][vc_empty_space height=&#8221;50px&#8221;][\/vc_column_inner][\/vc_row_inner][\/vc_column][\/vc_row][vc_row content_placement=&#8221;middle&#8221;][vc_column width=&#8221;1\/3&#8243;][vc_column_text]<\/p>\n<h3>Arnaboldi Interiors S.r.l.<\/h3>\n<p>[\/vc_column_text][vc_column_text]Viale Cesare Cattaneo, 24 &#8211; 22063 Cantu\u0300<br \/>\nfraz. Vighizzolo (CO) Italy<br \/>\ninfo@arnaboldiinteriors.it<br \/>\nexport@arnaboldiinteriors.it<br \/>\nt. +39 031 73 29 39[\/vc_column_text][vc_row_inner][vc_column_inner offset=&#8221;vc_hidden-lg vc_hidden-md&#8221;][vc_empty_space height=&#8221;50px&#8221;][\/vc_column_inner][\/vc_row_inner][\/vc_column][vc_column width=&#8221;1\/3&#8243;][vc_single_image image=&#8221;2373&#8243; img_size=&#8221;full&#8221;][vc_row_inner][vc_column_inner offset=&#8221;vc_hidden-lg vc_hidden-md&#8221;][vc_empty_space height=&#8221;50px&#8221;][\/vc_column_inner][\/vc_row_inner][\/vc_column][vc_column width=&#8221;1\/3&#8243;][vc_single_image image=&#8221;441&#8243; img_size=&#8221;full&#8221;][vc_row_inner][vc_column_inner offset=&#8221;vc_hidden-lg vc_hidden-md&#8221;][vc_empty_space height=&#8221;50px&#8221;][\/vc_column_inner][\/vc_row_inner][\/vc_column][\/vc_row][vc_row][vc_column][vc_empty_space height=&#8221;50px&#8221;][\/vc_column][\/vc_row][vc_row][vc_column][vc_separator border_width=&#8221;3&#8243;][\/vc_column][\/vc_row][vc_row][vc_column][vc_empty_space height=&#8221;50px&#8221;][\/vc_column][\/vc_row][vc_row][vc_column][vc_column_text]<\/p>\n<h3 style=\"text-align: center;\">DEMANDE DE CATALOGUES ET D\u2019INFORMATIONS<\/h3>\n<p>[\/vc_column_text][\/vc_column][\/vc_row][vc_row][vc_column][vc_empty_space height=&#8221;50px&#8221;][\/vc_column][\/vc_row][vc_row][vc_column]\n<div class=\"wpcf7 no-js\" id=\"wpcf7-f1693-o1\" lang=\"fr-FR\" dir=\"ltr\" data-wpcf7-id=\"1693\">\n<div class=\"screen-reader-response\"><p role=\"status\" aria-live=\"polite\" aria-atomic=\"true\"><\/p> <ul><\/ul><\/div>\n<form action=\"\/fr\/wp-json\/wp\/v2\/pages\/1198#wpcf7-f1693-o1\" method=\"post\" class=\"wpcf7-form init\" aria-label=\"Formulaire de contact\" novalidate=\"novalidate\" data-status=\"init\">\n<div style=\"display: none;\">\n<input type=\"hidden\" name=\"_wpcf7\" value=\"1693\" \/>\n<input type=\"hidden\" name=\"_wpcf7_version\" value=\"6.0.6\" \/>\n<input type=\"hidden\" name=\"_wpcf7_locale\" value=\"fr_FR\" \/>\n<input type=\"hidden\" name=\"_wpcf7_unit_tag\" value=\"wpcf7-f1693-o1\" \/>\n<input type=\"hidden\" name=\"_wpcf7_container_post\" value=\"0\" \/>\n<input type=\"hidden\" name=\"_wpcf7_posted_data_hash\" value=\"\" \/>\n<input type=\"hidden\" name=\"_wpcf7_recaptcha_response\" value=\"\" \/>\n<\/div>\n<div class=\"row\">\n\t<div class=\"col-12 col-md-6\">\n\t\t<p><label>Pr\u00e9nom*<\/label><br \/>\n<span class=\"wpcf7-form-control-wrap\" data-name=\"nome\"><input size=\"40\" maxlength=\"400\" class=\"wpcf7-form-control wpcf7-text wpcf7-validates-as-required\" autocomplete=\"given-name\" aria-required=\"true\" aria-invalid=\"false\" value=\"\" type=\"text\" name=\"nome\" \/><\/span>\n\t\t<\/p>\n\t<\/div>\n\t<div class=\"col-12 col-md-6\">\n\t\t<p><label>Nom*<\/label><br \/>\n<span class=\"wpcf7-form-control-wrap\" data-name=\"cognome\"><input size=\"40\" maxlength=\"400\" class=\"wpcf7-form-control wpcf7-text wpcf7-validates-as-required\" autocomplete=\"family-name\" aria-required=\"true\" aria-invalid=\"false\" value=\"\" type=\"text\" name=\"cognome\" \/><\/span>\n\t\t<\/p>\n\t<\/div>\n\t<div class=\"col-12 col-md-6\">\n\t\t<p><label>T\u00e9l\u00e9phone<\/label><br \/>\n<span class=\"wpcf7-form-control-wrap\" data-name=\"telefono\"><input size=\"40\" maxlength=\"400\" class=\"wpcf7-form-control wpcf7-tel wpcf7-text wpcf7-validates-as-tel\" autocomplete=\"tel\" aria-invalid=\"false\" value=\"\" type=\"tel\" name=\"telefono\" \/><\/span>\n\t\t<\/p>\n\t<\/div>\n\t<div class=\"col-12 col-md-6\">\n\t\t<p><label>E-mail*<\/label><br \/>\n<span class=\"wpcf7-form-control-wrap\" data-name=\"mail\"><input size=\"40\" maxlength=\"400\" class=\"wpcf7-form-control wpcf7-email wpcf7-validates-as-required wpcf7-text wpcf7-validates-as-email\" autocomplete=\"email\" aria-required=\"true\" aria-invalid=\"false\" value=\"\" type=\"email\" name=\"mail\" \/><\/span>\n\t\t<\/p>\n\t<\/div>\n\t<div class=\"col-12 col-md-6\">\n\t\t<p><label>Pays d\u2019origine*<\/label><br \/>\n<span class=\"wpcf7-form-control-wrap\" data-name=\"nazione\"><input size=\"40\" maxlength=\"400\" class=\"wpcf7-form-control wpcf7-text wpcf7-validates-as-required\" aria-required=\"true\" aria-invalid=\"false\" value=\"\" type=\"text\" name=\"nazione\" \/><\/span>\n\t\t<\/p>\n\t<\/div>\n\t<div class=\"col-12 col-md-6\">\n\t\t<p><label>Ville*<\/label><br \/>\n<span class=\"wpcf7-form-control-wrap\" data-name=\"citta\"><input size=\"40\" maxlength=\"400\" class=\"wpcf7-form-control wpcf7-text wpcf7-validates-as-required\" aria-required=\"true\" aria-invalid=\"false\" value=\"\" type=\"text\" name=\"citta\" \/><\/span>\n\t\t<\/p>\n\t<\/div>\n\t<div class=\"col-12 col-md-6\">\n\t\t<p><label> Cat\u00e9gorie <\/label><br \/>\n<span class=\"wpcf7-form-control-wrap\" data-name=\"categoria\"><select class=\"wpcf7-form-control wpcf7-select wpcf7-validates-as-required\" aria-required=\"true\" aria-invalid=\"false\" name=\"categoria\"><option value=\"\">--S\u00e9lectionner--<\/option><option value=\"Priv\u00e9\">Priv\u00e9<\/option><option value=\"Boutique\">Boutique<\/option><option value=\"Architecte\">Architecte<\/option><option value=\"Agent\">Agent<\/option><option value=\"H\u00f4tels\">H\u00f4tels<\/option><option value=\"Autre\">Autre<\/option><\/select><\/span>\n\t\t<\/p>\n\t<\/div>\n\t<div class=\"col-12 col-md-12\">\n\t\t<p class=\"mt-5\">Ayant lu et compris la <a href=\"\/fr\/privacy-e-cookie\/\" target=\"_blank\">politique de confidentialit\u00e9<\/a>, je consens\/d\u00e9sapprouve par la pr\u00e9sente le traitement de mes donn\u00e9es personnelles dans le but de traiter les demandes faites par les utilisateurs dans la section \"Contactez-nous\" du site et de la mani\u00e8re mieux sp\u00e9cifi\u00e9e dans la politique de confidentialit\u00e9 ci-dessus.\n\t\t<\/p>\n\t\t<p><span class=\"wpcf7-form-control-wrap\" data-name=\"privacy\"><span class=\"wpcf7-form-control wpcf7-checkbox wpcf7-validates-as-required\"><span class=\"wpcf7-list-item first last\"><label><input type=\"checkbox\" name=\"privacy[]\" value=\"Je suis d&#039;accord\" \/><span class=\"wpcf7-list-item-label\">Je suis d&#039;accord<\/span><\/label><\/span><\/span><\/span>\n\t\t<\/p>\n\t<\/div>\n\t<div class=\"col-12 col-md-12 mt-5 text-center\">\n\t\t<p><input class=\"wpcf7-form-control wpcf7-submit has-spinner\" type=\"submit\" value=\"DEMANDE\" \/>\n\t\t<\/p>\n\t<\/div>\n<\/div><div class=\"wpcf7-response-output\" aria-hidden=\"true\"><\/div>\n<\/form>\n<\/div>\n[\/vc_column][\/vc_row][vc_row][vc_column][vc_empty_space height=&#8221;100px&#8221;][\/vc_column][\/vc_row][vc_row][vc_column][vc_empty_space height=&#8221;100px&#8221;][\/vc_column][\/vc_row][vc_row][vc_column][vc_column_text]<\/p>\n<p>[\/vc_column_text][\/vc_column][\/vc_row]<\/p>\n<\/section>","protected":false},"excerpt":{"rendered":"<p>[vc_row full_width=&#8221;stretch_row_content_no_spaces&#8221;][vc_column][\/vc_column][\/vc_row][vc_row el_class=&#8221;custom-breadcrumb&#8221;][vc_column][vc_column_text]Home page &gt; Contacts[\/vc_column_text][\/vc_column][\/vc_row][vc_row][vc_column][vc_empty_space height=&#8221;100px&#8221;][\/vc_column][\/vc_row][vc_row][vc_column][vc_column_text] CONTACTS [\/vc_column_text][vc_row_inner][vc_column_inner offset=&#8221;vc_hidden-lg vc_hidden-md&#8221;][vc_empty_space height=&#8221;50px&#8221;][\/vc_column_inner][\/vc_row_inner][\/vc_column][\/vc_row][vc_row content_placement=&#8221;middle&#8221;][vc_column width=&#8221;1\/3&#8243;][vc_column_text] Arnaboldi Interiors S.r.l. [\/vc_column_text][vc_column_text]Viale Cesare Cattaneo, 24 &#8211; 22063 Cantu\u0300 fraz. Vighizzolo (CO) Italy info@arnaboldiinteriors.it export@arnaboldiinteriors.it t. +39 031 73 29 39[\/vc_column_text][vc_row_inner][vc_column_inner offset=&#8221;vc_hidden-lg vc_hidden-md&#8221;][vc_empty_space height=&#8221;50px&#8221;][\/vc_column_inner][\/vc_row_inner][\/vc_column][vc_column width=&#8221;1\/3&#8243;][vc_single_image image=&#8221;2373&#8243; img_size=&#8221;full&#8221;][vc_row_inner][vc_column_inner offset=&#8221;vc_hidden-lg vc_hidden-md&#8221;][vc_empty_space height=&#8221;50px&#8221;][\/vc_column_inner][\/vc_row_inner][\/vc_column][vc_column width=&#8221;1\/3&#8243;][vc_single_image image=&#8221;441&#8243; img_size=&#8221;full&#8221;][vc_row_inner][vc_column_inner offset=&#8221;vc_hidden-lg vc_hidden-md&#8221;][vc_empty_space height=&#8221;50px&#8221;][\/vc_column_inner][\/vc_row_inner][\/vc_column][\/vc_row][vc_row][vc_column][vc_empty_space height=&#8221;50px&#8221;][\/vc_column][\/vc_row][vc_row][vc_column][vc_separator border_width=&#8221;3&#8243;][\/vc_column][\/vc_row][vc_row][vc_column][vc_empty_space height=&#8221;50px&#8221;][\/vc_column][\/vc_row][vc_row][vc_column][vc_column_text] DEMANDE [&hellip;]<\/p>\n","protected":false},"author":1,"featured_media":0,"parent":0,"menu_order":0,"comment_status":"closed","ping_status":"closed","template":"","meta":{"footnotes":""},"class_list":["post-1198","page","type-page","status-publish","hentry"],"acf":[],"yoast_head":"<!-- This site is optimized with the Yoast SEO plugin v23.9 - https:\/\/yoast.com\/wordpress\/plugins\/seo\/ -->\n<title>Contacts - Arnaboldi Interiors<\/title>\n<meta name=\"robots\" content=\"index, follow, max-snippet:-1, max-image-preview:large, max-video-preview:-1\" \/>\n<link rel=\"canonical\" href=\"https:\/\/arnaboldiinteriors.it\/fr\/contacts\/\" \/>\n<meta property=\"og:locale\" content=\"fr_FR\" \/>\n<meta property=\"og:type\" content=\"article\" \/>\n<meta property=\"og:title\" content=\"Contacts - Arnaboldi Interiors\" \/>\n<meta property=\"og:description\" content=\"[vc_row full_width=&#8221;stretch_row_content_no_spaces&#8221;][vc_column][\/vc_column][\/vc_row][vc_row el_class=&#8221;custom-breadcrumb&#8221;][vc_column][vc_column_text]Home page &gt; Contacts[\/vc_column_text][\/vc_column][\/vc_row][vc_row][vc_column][vc_empty_space height=&#8221;100px&#8221;][\/vc_column][\/vc_row][vc_row][vc_column][vc_column_text] CONTACTS [\/vc_column_text][vc_row_inner][vc_column_inner offset=&#8221;vc_hidden-lg vc_hidden-md&#8221;][vc_empty_space height=&#8221;50px&#8221;][\/vc_column_inner][\/vc_row_inner][\/vc_column][\/vc_row][vc_row content_placement=&#8221;middle&#8221;][vc_column width=&#8221;1\/3&#8243;][vc_column_text] Arnaboldi Interiors S.r.l. [\/vc_column_text][vc_column_text]Viale Cesare Cattaneo, 24 &#8211; 22063 Cantu\u0300 fraz. Vighizzolo (CO) Italy info@arnaboldiinteriors.it export@arnaboldiinteriors.it t. +39 031 73 29 39[\/vc_column_text][vc_row_inner][vc_column_inner offset=&#8221;vc_hidden-lg vc_hidden-md&#8221;][vc_empty_space height=&#8221;50px&#8221;][\/vc_column_inner][\/vc_row_inner][\/vc_column][vc_column width=&#8221;1\/3&#8243;][vc_single_image image=&#8221;2373&#8243; img_size=&#8221;full&#8221;][vc_row_inner][vc_column_inner offset=&#8221;vc_hidden-lg vc_hidden-md&#8221;][vc_empty_space height=&#8221;50px&#8221;][\/vc_column_inner][\/vc_row_inner][\/vc_column][vc_column width=&#8221;1\/3&#8243;][vc_single_image image=&#8221;441&#8243; img_size=&#8221;full&#8221;][vc_row_inner][vc_column_inner offset=&#8221;vc_hidden-lg vc_hidden-md&#8221;][vc_empty_space height=&#8221;50px&#8221;][\/vc_column_inner][\/vc_row_inner][\/vc_column][\/vc_row][vc_row][vc_column][vc_empty_space height=&#8221;50px&#8221;][\/vc_column][\/vc_row][vc_row][vc_column][vc_separator border_width=&#8221;3&#8243;][\/vc_column][\/vc_row][vc_row][vc_column][vc_empty_space height=&#8221;50px&#8221;][\/vc_column][\/vc_row][vc_row][vc_column][vc_column_text] DEMANDE [&hellip;]\" \/>\n<meta property=\"og:url\" content=\"https:\/\/arnaboldiinteriors.it\/fr\/contacts\/\" \/>\n<meta property=\"og:site_name\" content=\"Arnaboldi Interiors\" \/>\n<meta property=\"article:modified_time\" content=\"2024-02-23T14:52:52+00:00\" \/>\n<meta name=\"twitter:card\" content=\"summary_large_image\" \/>\n<meta name=\"twitter:label1\" content=\"Dur\u00e9e de lecture estim\u00e9e\" \/>\n\t<meta name=\"twitter:data1\" content=\"1 minute\" \/>\n<script type=\"application\/ld+json\" class=\"yoast-schema-graph\">{\"@context\":\"https:\/\/schema.org\",\"@graph\":[{\"@type\":\"WebPage\",\"@id\":\"https:\/\/arnaboldiinteriors.it\/fr\/contacts\/\",\"url\":\"https:\/\/arnaboldiinteriors.it\/fr\/contacts\/\",\"name\":\"Contacts - Arnaboldi Interiors\",\"isPartOf\":{\"@id\":\"https:\/\/arnaboldiinteriors.it\/fr\/#website\"},\"datePublished\":\"2023-11-15T09:07:17+00:00\",\"dateModified\":\"2024-02-23T14:52:52+00:00\",\"breadcrumb\":{\"@id\":\"https:\/\/arnaboldiinteriors.it\/fr\/contacts\/#breadcrumb\"},\"inLanguage\":\"fr-FR\",\"potentialAction\":[{\"@type\":\"ReadAction\",\"target\":[\"https:\/\/arnaboldiinteriors.it\/fr\/contacts\/\"]}]},{\"@type\":\"BreadcrumbList\",\"@id\":\"https:\/\/arnaboldiinteriors.it\/fr\/contacts\/#breadcrumb\",\"itemListElement\":[{\"@type\":\"ListItem\",\"position\":1,\"name\":\"Home\",\"item\":\"https:\/\/arnaboldiinteriors.it\/fr\/\"},{\"@type\":\"ListItem\",\"position\":2,\"name\":\"Contacts\"}]},{\"@type\":\"WebSite\",\"@id\":\"https:\/\/arnaboldiinteriors.it\/fr\/#website\",\"url\":\"https:\/\/arnaboldiinteriors.it\/fr\/\",\"name\":\"Arnaboldi Interiors\",\"description\":\"Una storia iniziata oltre 90 anni fa\",\"publisher\":{\"@id\":\"https:\/\/arnaboldiinteriors.it\/fr\/#organization\"},\"potentialAction\":[{\"@type\":\"SearchAction\",\"target\":{\"@type\":\"EntryPoint\",\"urlTemplate\":\"https:\/\/arnaboldiinteriors.it\/fr\/?s={search_term_string}\"},\"query-input\":{\"@type\":\"PropertyValueSpecification\",\"valueRequired\":true,\"valueName\":\"search_term_string\"}}],\"inLanguage\":\"fr-FR\"},{\"@type\":\"Organization\",\"@id\":\"https:\/\/arnaboldiinteriors.it\/fr\/#organization\",\"name\":\"Arnaboldi Interiors\",\"url\":\"https:\/\/arnaboldiinteriors.it\/fr\/\",\"logo\":{\"@type\":\"ImageObject\",\"inLanguage\":\"fr-FR\",\"@id\":\"https:\/\/arnaboldiinteriors.it\/fr\/#\/schema\/logo\/image\/\",\"url\":\"https:\/\/arnaboldiinteriors.it\/wp-content\/uploads\/2023\/11\/logo-arnaboldi.png\",\"contentUrl\":\"https:\/\/arnaboldiinteriors.it\/wp-content\/uploads\/2023\/11\/logo-arnaboldi.png\",\"width\":792,\"height\":274,\"caption\":\"Arnaboldi Interiors\"},\"image\":{\"@id\":\"https:\/\/arnaboldiinteriors.it\/fr\/#\/schema\/logo\/image\/\"}}]}<\/script>\n<!-- \/ Yoast SEO plugin. -->","yoast_head_json":{"title":"Contacts - Arnaboldi Interiors","robots":{"index":"index","follow":"follow","max-snippet":"max-snippet:-1","max-image-preview":"max-image-preview:large","max-video-preview":"max-video-preview:-1"},"canonical":"https:\/\/arnaboldiinteriors.it\/fr\/contacts\/","og_locale":"fr_FR","og_type":"article","og_title":"Contacts - Arnaboldi Interiors","og_description":"[vc_row full_width=&#8221;stretch_row_content_no_spaces&#8221;][vc_column][\/vc_column][\/vc_row][vc_row el_class=&#8221;custom-breadcrumb&#8221;][vc_column][vc_column_text]Home page &gt; Contacts[\/vc_column_text][\/vc_column][\/vc_row][vc_row][vc_column][vc_empty_space height=&#8221;100px&#8221;][\/vc_column][\/vc_row][vc_row][vc_column][vc_column_text] CONTACTS [\/vc_column_text][vc_row_inner][vc_column_inner offset=&#8221;vc_hidden-lg vc_hidden-md&#8221;][vc_empty_space height=&#8221;50px&#8221;][\/vc_column_inner][\/vc_row_inner][\/vc_column][\/vc_row][vc_row content_placement=&#8221;middle&#8221;][vc_column width=&#8221;1\/3&#8243;][vc_column_text] Arnaboldi Interiors S.r.l. [\/vc_column_text][vc_column_text]Viale Cesare Cattaneo, 24 &#8211; 22063 Cantu\u0300 fraz. Vighizzolo (CO) Italy info@arnaboldiinteriors.it export@arnaboldiinteriors.it t. +39 031 73 29 39[\/vc_column_text][vc_row_inner][vc_column_inner offset=&#8221;vc_hidden-lg vc_hidden-md&#8221;][vc_empty_space height=&#8221;50px&#8221;][\/vc_column_inner][\/vc_row_inner][\/vc_column][vc_column width=&#8221;1\/3&#8243;][vc_single_image image=&#8221;2373&#8243; img_size=&#8221;full&#8221;][vc_row_inner][vc_column_inner offset=&#8221;vc_hidden-lg vc_hidden-md&#8221;][vc_empty_space height=&#8221;50px&#8221;][\/vc_column_inner][\/vc_row_inner][\/vc_column][vc_column width=&#8221;1\/3&#8243;][vc_single_image image=&#8221;441&#8243; img_size=&#8221;full&#8221;][vc_row_inner][vc_column_inner offset=&#8221;vc_hidden-lg vc_hidden-md&#8221;][vc_empty_space height=&#8221;50px&#8221;][\/vc_column_inner][\/vc_row_inner][\/vc_column][\/vc_row][vc_row][vc_column][vc_empty_space height=&#8221;50px&#8221;][\/vc_column][\/vc_row][vc_row][vc_column][vc_separator border_width=&#8221;3&#8243;][\/vc_column][\/vc_row][vc_row][vc_column][vc_empty_space height=&#8221;50px&#8221;][\/vc_column][\/vc_row][vc_row][vc_column][vc_column_text] DEMANDE [&hellip;]","og_url":"https:\/\/arnaboldiinteriors.it\/fr\/contacts\/","og_site_name":"Arnaboldi Interiors","article_modified_time":"2024-02-23T14:52:52+00:00","twitter_card":"summary_large_image","twitter_misc":{"Dur\u00e9e de lecture estim\u00e9e":"1 minute"},"schema":{"@context":"https:\/\/schema.org","@graph":[{"@type":"WebPage","@id":"https:\/\/arnaboldiinteriors.it\/fr\/contacts\/","url":"https:\/\/arnaboldiinteriors.it\/fr\/contacts\/","name":"Contacts - Arnaboldi Interiors","isPartOf":{"@id":"https:\/\/arnaboldiinteriors.it\/fr\/#website"},"datePublished":"2023-11-15T09:07:17+00:00","dateModified":"2024-02-23T14:52:52+00:00","breadcrumb":{"@id":"https:\/\/arnaboldiinteriors.it\/fr\/contacts\/#breadcrumb"},"inLanguage":"fr-FR","potentialAction":[{"@type":"ReadAction","target":["https:\/\/arnaboldiinteriors.it\/fr\/contacts\/"]}]},{"@type":"BreadcrumbList","@id":"https:\/\/arnaboldiinteriors.it\/fr\/contacts\/#breadcrumb","itemListElement":[{"@type":"ListItem","position":1,"name":"Home","item":"https:\/\/arnaboldiinteriors.it\/fr\/"},{"@type":"ListItem","position":2,"name":"Contacts"}]},{"@type":"WebSite","@id":"https:\/\/arnaboldiinteriors.it\/fr\/#website","url":"https:\/\/arnaboldiinteriors.it\/fr\/","name":"Arnaboldi Interiors","description":"Una storia iniziata oltre 90 anni fa","publisher":{"@id":"https:\/\/arnaboldiinteriors.it\/fr\/#organization"},"potentialAction":[{"@type":"SearchAction","target":{"@type":"EntryPoint","urlTemplate":"https:\/\/arnaboldiinteriors.it\/fr\/?s={search_term_string}"},"query-input":{"@type":"PropertyValueSpecification","valueRequired":true,"valueName":"search_term_string"}}],"inLanguage":"fr-FR"},{"@type":"Organization","@id":"https:\/\/arnaboldiinteriors.it\/fr\/#organization","name":"Arnaboldi Interiors","url":"https:\/\/arnaboldiinteriors.it\/fr\/","logo":{"@type":"ImageObject","inLanguage":"fr-FR","@id":"https:\/\/arnaboldiinteriors.it\/fr\/#\/schema\/logo\/image\/","url":"https:\/\/arnaboldiinteriors.it\/wp-content\/uploads\/2023\/11\/logo-arnaboldi.png","contentUrl":"https:\/\/arnaboldiinteriors.it\/wp-content\/uploads\/2023\/11\/logo-arnaboldi.png","width":792,"height":274,"caption":"Arnaboldi Interiors"},"image":{"@id":"https:\/\/arnaboldiinteriors.it\/fr\/#\/schema\/logo\/image\/"}}]}},"_links":{"self":[{"href":"https:\/\/arnaboldiinteriors.it\/fr\/wp-json\/wp\/v2\/pages\/1198","targetHints":{"allow":["GET"]}}],"collection":[{"href":"https:\/\/arnaboldiinteriors.it\/fr\/wp-json\/wp\/v2\/pages"}],"about":[{"href":"https:\/\/arnaboldiinteriors.it\/fr\/wp-json\/wp\/v2\/types\/page"}],"author":[{"embeddable":true,"href":"https:\/\/arnaboldiinteriors.it\/fr\/wp-json\/wp\/v2\/users\/1"}],"replies":[{"embeddable":true,"href":"https:\/\/arnaboldiinteriors.it\/fr\/wp-json\/wp\/v2\/comments?post=1198"}],"version-history":[{"count":14,"href":"https:\/\/arnaboldiinteriors.it\/fr\/wp-json\/wp\/v2\/pages\/1198\/revisions"}],"predecessor-version":[{"id":2422,"href":"https:\/\/arnaboldiinteriors.it\/fr\/wp-json\/wp\/v2\/pages\/1198\/revisions\/2422"}],"wp:attachment":[{"href":"https:\/\/arnaboldiinteriors.it\/fr\/wp-json\/wp\/v2\/media?parent=1198"}],"curies":[{"name":"wp","href":"https:\/\/api.w.org\/{rel}","templated":true}]}}