{"id":1207,"date":"2023-11-15T09:55:43","date_gmt":"2023-11-15T08:55:43","guid":{"rendered":"http:\/\/arnaboldiinteriors.it\/le-projet\/"},"modified":"2024-01-18T15:27:09","modified_gmt":"2024-01-18T14:27:09","slug":"le-projet","status":"publish","type":"page","link":"https:\/\/arnaboldiinteriors.it\/fr\/le-projet\/","title":{"rendered":"Le projet"},"content":{"rendered":"<section class=\"wpb-content-wrapper\"><p>[vc_row][vc_column][vc_empty_space height=&#8221;100px&#8221;][\/vc_column][\/vc_row][vc_row][vc_column][vc_column_text]<\/p>\n<p style=\"text-align: center;\">LE PROJET<\/p>\n<p>[\/vc_column_text][vc_empty_space height=&#8221;50px&#8221;][vc_column_text]<\/p>\n<h1 style=\"text-align: center;\">LE V\u00c9RITABLE SUR MESURE<\/h1>\n<p>[\/vc_column_text][\/vc_column][\/vc_row][vc_row][vc_column][vc_empty_space height=&#8221;100px&#8221;][\/vc_column][\/vc_row][vc_row][vc_column width=&#8221;2\/12&#8243;][\/vc_column][vc_column width=&#8221;8\/12&#8243;][vc_column_text]<\/p>\n<p style=\"text-align: center;\">Arnaboldi Interiors exerce son activit\u00e9 avec un dynamisme exceptionnel et est capable de g\u00e9rer tout type de projet, o\u00f9 chaque phase de la r\u00e9alisation est soumise \u00e0 une attention unique et m\u00e9ticuleuse pour donner forme \u00e0 des cr\u00e9ations uniques et personnalis\u00e9es. Gr\u00e2ce \u00e0 l&#8217;apport d&#8217;une \u00e9quipe soud\u00e9e, rassemblant des comp\u00e9tences professionnelles diversifi\u00e9es et capable d&#8217;offrir un conseil complet, elle propose un service qui int\u00e8gre l&#8217;ensemble du d\u00e9veloppement, du projet initial \u00e0 la mise en \u0153uvre sur site.<\/p>\n<p>[\/vc_column_text][\/vc_column][vc_column width=&#8221;2\/12&#8243;][\/vc_column][\/vc_row][vc_row][vc_column][vc_empty_space height=&#8221;100px&#8221;][\/vc_column][\/vc_row][vc_row full_width=&#8221;stretch_row_content_no_spaces&#8221;][vc_column][vc_single_image image=&#8221;1422&#8243; img_size=&#8221;full&#8221;][\/vc_column][\/vc_row][vc_row][vc_column][vc_empty_space height=&#8221;100px&#8221;][\/vc_column][\/vc_row][vc_row][vc_column][vc_single_image image=&#8221;335&#8243; img_size=&#8221;full&#8221;][\/vc_column][\/vc_row][vc_row][vc_column][vc_empty_space height=&#8221;100px&#8221;][\/vc_column][\/vc_row][vc_row][vc_column width=&#8221;2\/12&#8243;][\/vc_column][vc_column width=&#8221;8\/12&#8243;][vc_column_text]<\/p>\n<p style=\"text-align: center;\">Gr\u00e2ce \u00e0 l&#8217;exp\u00e9rience acquise aupr\u00e8s des cabinets d&#8217;architecture les plus importants, Arnaboldi Interiors est le partenaire id\u00e9al pour la r\u00e9alisation de projets et de fournitures d&#8217;architecture d&#8217;int\u00e9rieur. Gr\u00e2ce au savoir-faire acquis au fil des ann\u00e9es, elle dispose d\u2019une polyvalence d&#8217;intervention dans des projets tr\u00e8s h\u00e9t\u00e9rog\u00e8nes, de la r\u00e9sidence priv\u00e9e au yachting, du monde de l&#8217;h\u00f4tellerie &amp; des loisirs \u00e0 la vente au d\u00e9tail. Arnaboldi Interiors d\u00e9veloppe l&#8217;ensemble du cycle de production au sein de son entreprise, afin de ma\u00eetriser toutes les diff\u00e9rentes phases de r\u00e9alisation.<\/p>\n<p>[\/vc_column_text][\/vc_column][vc_column width=&#8221;2\/12&#8243;][\/vc_column][\/vc_row][vc_row][vc_column][vc_empty_space height=&#8221;100px&#8221;][\/vc_column][\/vc_row][vc_row][vc_column][vc_column_text el_class=&#8221;custom-btn&#8221;]<\/p>\n<p style=\"text-align: center;\"><a href=\"https:\/\/arnaboldiinteriors.it\/referenze\/\">R\u00c9F\u00c9RENCES<\/a><\/p>\n<p>[\/vc_column_text][\/vc_column][\/vc_row][vc_row][vc_column][vc_empty_space height=&#8221;100px&#8221;][vc_empty_space height=&#8221;100px&#8221;][\/vc_column][\/vc_row]<\/p>\n<\/section>","protected":false},"excerpt":{"rendered":"<p>[vc_row][vc_column][vc_empty_space height=&#8221;100px&#8221;][\/vc_column][\/vc_row][vc_row][vc_column][vc_column_text] LE PROJET [\/vc_column_text][vc_empty_space height=&#8221;50px&#8221;][vc_column_text] LE V\u00c9RITABLE SUR MESURE [\/vc_column_text][\/vc_column][\/vc_row][vc_row][vc_column][vc_empty_space height=&#8221;100px&#8221;][\/vc_column][\/vc_row][vc_row][vc_column width=&#8221;2\/12&#8243;][\/vc_column][vc_column width=&#8221;8\/12&#8243;][vc_column_text] Arnaboldi Interiors exerce son activit\u00e9 avec un dynamisme exceptionnel et est capable de g\u00e9rer tout type de projet, o\u00f9 chaque phase de la r\u00e9alisation est soumise \u00e0 une attention unique et m\u00e9ticuleuse pour donner forme \u00e0 des cr\u00e9ations uniques et personnalis\u00e9es. [&hellip;]<\/p>\n","protected":false},"author":1,"featured_media":1428,"parent":0,"menu_order":0,"comment_status":"closed","ping_status":"closed","template":"hero-page.php","meta":{"footnotes":""},"class_list":["post-1207","page","type-page","status-publish","has-post-thumbnail","hentry"],"acf":[],"yoast_head":"<!-- This site is optimized with the Yoast SEO plugin v23.9 - https:\/\/yoast.com\/wordpress\/plugins\/seo\/ -->\n<title>Le projet - Arnaboldi Interiors<\/title>\n<meta name=\"robots\" content=\"index, follow, max-snippet:-1, max-image-preview:large, max-video-preview:-1\" \/>\n<link rel=\"canonical\" href=\"https:\/\/arnaboldiinteriors.it\/fr\/le-projet\/\" \/>\n<meta property=\"og:locale\" content=\"fr_FR\" \/>\n<meta property=\"og:type\" content=\"article\" \/>\n<meta property=\"og:title\" content=\"Le projet - Arnaboldi Interiors\" \/>\n<meta property=\"og:description\" content=\"[vc_row][vc_column][vc_empty_space height=&#8221;100px&#8221;][\/vc_column][\/vc_row][vc_row][vc_column][vc_column_text] LE PROJET [\/vc_column_text][vc_empty_space height=&#8221;50px&#8221;][vc_column_text] LE V\u00c9RITABLE SUR MESURE [\/vc_column_text][\/vc_column][\/vc_row][vc_row][vc_column][vc_empty_space height=&#8221;100px&#8221;][\/vc_column][\/vc_row][vc_row][vc_column width=&#8221;2\/12&#8243;][\/vc_column][vc_column width=&#8221;8\/12&#8243;][vc_column_text] Arnaboldi Interiors exerce son activit\u00e9 avec un dynamisme exceptionnel et est capable de g\u00e9rer tout type de projet, o\u00f9 chaque phase de la r\u00e9alisation est soumise \u00e0 une attention unique et m\u00e9ticuleuse pour donner forme \u00e0 des cr\u00e9ations uniques et personnalis\u00e9es. [&hellip;]\" \/>\n<meta property=\"og:url\" content=\"https:\/\/arnaboldiinteriors.it\/fr\/le-projet\/\" \/>\n<meta property=\"og:site_name\" content=\"Arnaboldi Interiors\" \/>\n<meta property=\"article:modified_time\" content=\"2024-01-18T14:27:09+00:00\" \/>\n<meta property=\"og:image\" content=\"https:\/\/arnaboldiinteriors.it\/wp-content\/uploads\/2024\/01\/Project-1_NEW.jpg\" \/>\n\t<meta property=\"og:image:width\" content=\"2560\" \/>\n\t<meta property=\"og:image:height\" content=\"695\" \/>\n\t<meta property=\"og:image:type\" content=\"image\/jpeg\" \/>\n<meta name=\"twitter:card\" content=\"summary_large_image\" \/>\n<meta name=\"twitter:label1\" content=\"Dur\u00e9e de lecture estim\u00e9e\" \/>\n\t<meta name=\"twitter:data1\" content=\"2 minutes\" \/>\n<script type=\"application\/ld+json\" class=\"yoast-schema-graph\">{\"@context\":\"https:\/\/schema.org\",\"@graph\":[{\"@type\":\"WebPage\",\"@id\":\"https:\/\/arnaboldiinteriors.it\/fr\/le-projet\/\",\"url\":\"https:\/\/arnaboldiinteriors.it\/fr\/le-projet\/\",\"name\":\"Le projet - Arnaboldi Interiors\",\"isPartOf\":{\"@id\":\"https:\/\/arnaboldiinteriors.it\/fr\/#website\"},\"primaryImageOfPage\":{\"@id\":\"https:\/\/arnaboldiinteriors.it\/fr\/le-projet\/#primaryimage\"},\"image\":{\"@id\":\"https:\/\/arnaboldiinteriors.it\/fr\/le-projet\/#primaryimage\"},\"thumbnailUrl\":\"https:\/\/arnaboldiinteriors.it\/wp-content\/uploads\/2024\/01\/Project-1_NEW.jpg\",\"datePublished\":\"2023-11-15T08:55:43+00:00\",\"dateModified\":\"2024-01-18T14:27:09+00:00\",\"breadcrumb\":{\"@id\":\"https:\/\/arnaboldiinteriors.it\/fr\/le-projet\/#breadcrumb\"},\"inLanguage\":\"fr-FR\",\"potentialAction\":[{\"@type\":\"ReadAction\",\"target\":[\"https:\/\/arnaboldiinteriors.it\/fr\/le-projet\/\"]}]},{\"@type\":\"ImageObject\",\"inLanguage\":\"fr-FR\",\"@id\":\"https:\/\/arnaboldiinteriors.it\/fr\/le-projet\/#primaryimage\",\"url\":\"https:\/\/arnaboldiinteriors.it\/wp-content\/uploads\/2024\/01\/Project-1_NEW.jpg\",\"contentUrl\":\"https:\/\/arnaboldiinteriors.it\/wp-content\/uploads\/2024\/01\/Project-1_NEW.jpg\",\"width\":2560,\"height\":695,\"caption\":\"La progettazione\"},{\"@type\":\"BreadcrumbList\",\"@id\":\"https:\/\/arnaboldiinteriors.it\/fr\/le-projet\/#breadcrumb\",\"itemListElement\":[{\"@type\":\"ListItem\",\"position\":1,\"name\":\"Home\",\"item\":\"https:\/\/arnaboldiinteriors.it\/fr\/\"},{\"@type\":\"ListItem\",\"position\":2,\"name\":\"Le projet\"}]},{\"@type\":\"WebSite\",\"@id\":\"https:\/\/arnaboldiinteriors.it\/fr\/#website\",\"url\":\"https:\/\/arnaboldiinteriors.it\/fr\/\",\"name\":\"Arnaboldi Interiors\",\"description\":\"Una storia iniziata oltre 90 anni fa\",\"publisher\":{\"@id\":\"https:\/\/arnaboldiinteriors.it\/fr\/#organization\"},\"potentialAction\":[{\"@type\":\"SearchAction\",\"target\":{\"@type\":\"EntryPoint\",\"urlTemplate\":\"https:\/\/arnaboldiinteriors.it\/fr\/?s={search_term_string}\"},\"query-input\":{\"@type\":\"PropertyValueSpecification\",\"valueRequired\":true,\"valueName\":\"search_term_string\"}}],\"inLanguage\":\"fr-FR\"},{\"@type\":\"Organization\",\"@id\":\"https:\/\/arnaboldiinteriors.it\/fr\/#organization\",\"name\":\"Arnaboldi Interiors\",\"url\":\"https:\/\/arnaboldiinteriors.it\/fr\/\",\"logo\":{\"@type\":\"ImageObject\",\"inLanguage\":\"fr-FR\",\"@id\":\"https:\/\/arnaboldiinteriors.it\/fr\/#\/schema\/logo\/image\/\",\"url\":\"https:\/\/arnaboldiinteriors.it\/wp-content\/uploads\/2023\/11\/logo-arnaboldi.png\",\"contentUrl\":\"https:\/\/arnaboldiinteriors.it\/wp-content\/uploads\/2023\/11\/logo-arnaboldi.png\",\"width\":792,\"height\":274,\"caption\":\"Arnaboldi Interiors\"},\"image\":{\"@id\":\"https:\/\/arnaboldiinteriors.it\/fr\/#\/schema\/logo\/image\/\"}}]}<\/script>\n<!-- \/ Yoast SEO plugin. -->","yoast_head_json":{"title":"Le projet - Arnaboldi Interiors","robots":{"index":"index","follow":"follow","max-snippet":"max-snippet:-1","max-image-preview":"max-image-preview:large","max-video-preview":"max-video-preview:-1"},"canonical":"https:\/\/arnaboldiinteriors.it\/fr\/le-projet\/","og_locale":"fr_FR","og_type":"article","og_title":"Le projet - Arnaboldi Interiors","og_description":"[vc_row][vc_column][vc_empty_space height=&#8221;100px&#8221;][\/vc_column][\/vc_row][vc_row][vc_column][vc_column_text] LE PROJET [\/vc_column_text][vc_empty_space height=&#8221;50px&#8221;][vc_column_text] LE V\u00c9RITABLE SUR MESURE [\/vc_column_text][\/vc_column][\/vc_row][vc_row][vc_column][vc_empty_space height=&#8221;100px&#8221;][\/vc_column][\/vc_row][vc_row][vc_column width=&#8221;2\/12&#8243;][\/vc_column][vc_column width=&#8221;8\/12&#8243;][vc_column_text] Arnaboldi Interiors exerce son activit\u00e9 avec un dynamisme exceptionnel et est capable de g\u00e9rer tout type de projet, o\u00f9 chaque phase de la r\u00e9alisation est soumise \u00e0 une attention unique et m\u00e9ticuleuse pour donner forme \u00e0 des cr\u00e9ations uniques et personnalis\u00e9es. [&hellip;]","og_url":"https:\/\/arnaboldiinteriors.it\/fr\/le-projet\/","og_site_name":"Arnaboldi Interiors","article_modified_time":"2024-01-18T14:27:09+00:00","og_image":[{"width":2560,"height":695,"url":"https:\/\/arnaboldiinteriors.it\/wp-content\/uploads\/2024\/01\/Project-1_NEW.jpg","type":"image\/jpeg"}],"twitter_card":"summary_large_image","twitter_misc":{"Dur\u00e9e de lecture estim\u00e9e":"2 minutes"},"schema":{"@context":"https:\/\/schema.org","@graph":[{"@type":"WebPage","@id":"https:\/\/arnaboldiinteriors.it\/fr\/le-projet\/","url":"https:\/\/arnaboldiinteriors.it\/fr\/le-projet\/","name":"Le projet - Arnaboldi Interiors","isPartOf":{"@id":"https:\/\/arnaboldiinteriors.it\/fr\/#website"},"primaryImageOfPage":{"@id":"https:\/\/arnaboldiinteriors.it\/fr\/le-projet\/#primaryimage"},"image":{"@id":"https:\/\/arnaboldiinteriors.it\/fr\/le-projet\/#primaryimage"},"thumbnailUrl":"https:\/\/arnaboldiinteriors.it\/wp-content\/uploads\/2024\/01\/Project-1_NEW.jpg","datePublished":"2023-11-15T08:55:43+00:00","dateModified":"2024-01-18T14:27:09+00:00","breadcrumb":{"@id":"https:\/\/arnaboldiinteriors.it\/fr\/le-projet\/#breadcrumb"},"inLanguage":"fr-FR","potentialAction":[{"@type":"ReadAction","target":["https:\/\/arnaboldiinteriors.it\/fr\/le-projet\/"]}]},{"@type":"ImageObject","inLanguage":"fr-FR","@id":"https:\/\/arnaboldiinteriors.it\/fr\/le-projet\/#primaryimage","url":"https:\/\/arnaboldiinteriors.it\/wp-content\/uploads\/2024\/01\/Project-1_NEW.jpg","contentUrl":"https:\/\/arnaboldiinteriors.it\/wp-content\/uploads\/2024\/01\/Project-1_NEW.jpg","width":2560,"height":695,"caption":"La progettazione"},{"@type":"BreadcrumbList","@id":"https:\/\/arnaboldiinteriors.it\/fr\/le-projet\/#breadcrumb","itemListElement":[{"@type":"ListItem","position":1,"name":"Home","item":"https:\/\/arnaboldiinteriors.it\/fr\/"},{"@type":"ListItem","position":2,"name":"Le projet"}]},{"@type":"WebSite","@id":"https:\/\/arnaboldiinteriors.it\/fr\/#website","url":"https:\/\/arnaboldiinteriors.it\/fr\/","name":"Arnaboldi Interiors","description":"Una storia iniziata oltre 90 anni fa","publisher":{"@id":"https:\/\/arnaboldiinteriors.it\/fr\/#organization"},"potentialAction":[{"@type":"SearchAction","target":{"@type":"EntryPoint","urlTemplate":"https:\/\/arnaboldiinteriors.it\/fr\/?s={search_term_string}"},"query-input":{"@type":"PropertyValueSpecification","valueRequired":true,"valueName":"search_term_string"}}],"inLanguage":"fr-FR"},{"@type":"Organization","@id":"https:\/\/arnaboldiinteriors.it\/fr\/#organization","name":"Arnaboldi Interiors","url":"https:\/\/arnaboldiinteriors.it\/fr\/","logo":{"@type":"ImageObject","inLanguage":"fr-FR","@id":"https:\/\/arnaboldiinteriors.it\/fr\/#\/schema\/logo\/image\/","url":"https:\/\/arnaboldiinteriors.it\/wp-content\/uploads\/2023\/11\/logo-arnaboldi.png","contentUrl":"https:\/\/arnaboldiinteriors.it\/wp-content\/uploads\/2023\/11\/logo-arnaboldi.png","width":792,"height":274,"caption":"Arnaboldi Interiors"},"image":{"@id":"https:\/\/arnaboldiinteriors.it\/fr\/#\/schema\/logo\/image\/"}}]}},"_links":{"self":[{"href":"https:\/\/arnaboldiinteriors.it\/fr\/wp-json\/wp\/v2\/pages\/1207","targetHints":{"allow":["GET"]}}],"collection":[{"href":"https:\/\/arnaboldiinteriors.it\/fr\/wp-json\/wp\/v2\/pages"}],"about":[{"href":"https:\/\/arnaboldiinteriors.it\/fr\/wp-json\/wp\/v2\/types\/page"}],"author":[{"embeddable":true,"href":"https:\/\/arnaboldiinteriors.it\/fr\/wp-json\/wp\/v2\/users\/1"}],"replies":[{"embeddable":true,"href":"https:\/\/arnaboldiinteriors.it\/fr\/wp-json\/wp\/v2\/comments?post=1207"}],"version-history":[{"count":7,"href":"https:\/\/arnaboldiinteriors.it\/fr\/wp-json\/wp\/v2\/pages\/1207\/revisions"}],"predecessor-version":[{"id":1425,"href":"https:\/\/arnaboldiinteriors.it\/fr\/wp-json\/wp\/v2\/pages\/1207\/revisions\/1425"}],"wp:featuredmedia":[{"embeddable":true,"href":"https:\/\/arnaboldiinteriors.it\/fr\/wp-json\/wp\/v2\/media\/1428"}],"wp:attachment":[{"href":"https:\/\/arnaboldiinteriors.it\/fr\/wp-json\/wp\/v2\/media?parent=1207"}],"curies":[{"name":"wp","href":"https:\/\/api.w.org\/{rel}","templated":true}]}}