{"id":1215,"date":"2023-11-15T09:57:45","date_gmt":"2023-11-15T08:57:45","guid":{"rendered":"http:\/\/arnaboldiinteriors.it\/ameublements-pour-maisons-privees-et-villas\/"},"modified":"2025-02-18T14:18:10","modified_gmt":"2025-02-18T13:18:10","slug":"ameublements-pour-maisons-privees-et-villas","status":"publish","type":"page","link":"https:\/\/arnaboldiinteriors.it\/fr\/ameublements-pour-maisons-privees-et-villas\/","title":{"rendered":"Ameublements pour maisons priv\u00e9es et villas"},"content":{"rendered":"<section class=\"wpb-content-wrapper\"><p>[vc_row][vc_column][vc_empty_space height=&#8221;100px&#8221;][\/vc_column][\/vc_row][vc_row][vc_column][vc_column_text]<\/p>\n<p style=\"text-align: center;\">LA PRODUCTION<\/p>\n<p>[\/vc_column_text][vc_empty_space height=&#8221;50px&#8221;][vc_column_text]<\/p>\n<h1 style=\"text-align: center;\">AMEUBLEMENTS POUR MAISONS PRIV\u00c9ES ET VILLAS<\/h1>\n<p>[\/vc_column_text][\/vc_column][\/vc_row][vc_row][vc_column][vc_empty_space height=&#8221;100px&#8221;][\/vc_column][\/vc_row][vc_row][vc_column width=&#8221;2\/12&#8243;][\/vc_column][vc_column width=&#8221;8\/12&#8243;][vc_column_text]<\/p>\n<p style=\"text-align: center;\">Avec une ma\u00eetrise totale de l&#8217;\u00e9b\u00e9nisterie et de la menuiserie combin\u00e9e \u00e0 une capacit\u00e9 d&#8217;ex\u00e9cution hors du commun, Arnaboldi Interiors propose une nouvelle interpr\u00e9tation de l&#8217;ameublement, de la cuisine au salon, des syst\u00e8mes d\u2019armoires \u00e0 la zone nuit avec des solutions sur mesure et non conventionnelles.<\/p>\n<p>[\/vc_column_text][\/vc_column][vc_column width=&#8221;2\/12&#8243;][\/vc_column][\/vc_row][vc_row][vc_column][vc_empty_space height=&#8221;100px&#8221;][\/vc_column][\/vc_row][vc_row][vc_column width=&#8221;1\/3&#8243;][vc_single_image image=&#8221;2801&#8243; img_size=&#8221;full&#8221; el_class=&#8221;custom-lightbox&#8221;][vc_empty_space height=&#8221;15px&#8221;][\/vc_column][vc_column width=&#8221;1\/3&#8243;][vc_single_image image=&#8221;2804&#8243; img_size=&#8221;full&#8221; el_class=&#8221;custom-lightbox&#8221;][vc_empty_space height=&#8221;15px&#8221;][\/vc_column][vc_column width=&#8221;1\/3&#8243;][vc_single_image image=&#8221;2815&#8243; img_size=&#8221;full&#8221; el_class=&#8221;custom-lightbox&#8221;][vc_empty_space height=&#8221;15px&#8221;][\/vc_column][\/vc_row][vc_row][vc_column width=&#8221;1\/3&#8243;][vc_single_image image=&#8221;371&#8243; img_size=&#8221;full&#8221; el_class=&#8221;custom-lightbox custom-border&#8221;][vc_empty_space height=&#8221;15px&#8221;][\/vc_column][vc_column width=&#8221;1\/3&#8243;][vc_single_image image=&#8221;575&#8243; img_size=&#8221;full&#8221; el_class=&#8221;custom-lightbox&#8221;][vc_empty_space height=&#8221;15px&#8221;][\/vc_column][vc_column width=&#8221;1\/3&#8243;][vc_single_image image=&#8221;580&#8243; img_size=&#8221;full&#8221; el_class=&#8221;custom-lightbox&#8221;][vc_empty_space height=&#8221;15px&#8221;][\/vc_column][\/vc_row][vc_row][vc_column width=&#8221;1\/3&#8243;][vc_single_image image=&#8221;584&#8243; img_size=&#8221;full&#8221; el_class=&#8221;custom-lightbox&#8221;][vc_empty_space height=&#8221;15px&#8221;][\/vc_column][vc_column width=&#8221;1\/3&#8243;][vc_single_image image=&#8221;587&#8243; img_size=&#8221;full&#8221; el_class=&#8221;custom-lightbox custom-border&#8221;][vc_empty_space height=&#8221;15px&#8221;][\/vc_column][vc_column width=&#8221;1\/3&#8243;][vc_single_image image=&#8221;590&#8243; img_size=&#8221;full&#8221; el_class=&#8221;custom-lightbox&#8221;][vc_empty_space height=&#8221;15px&#8221;][\/vc_column][\/vc_row][vc_row][vc_column width=&#8221;1\/3&#8243;][vc_single_image image=&#8221;594&#8243; img_size=&#8221;full&#8221; el_class=&#8221;custom-lightbox&#8221;][vc_empty_space height=&#8221;15px&#8221;][\/vc_column][vc_column width=&#8221;1\/3&#8243;][vc_single_image image=&#8221;597&#8243; img_size=&#8221;full&#8221; el_class=&#8221;custom-lightbox&#8221;][vc_empty_space height=&#8221;15px&#8221;][\/vc_column][vc_column width=&#8221;1\/3&#8243;][vc_single_image image=&#8221;1429&#8243; img_size=&#8221;full&#8221; el_class=&#8221;custom-lightbox&#8221;][vc_empty_space height=&#8221;15px&#8221;][\/vc_column][\/vc_row][vc_row][vc_column width=&#8221;1\/3&#8243;][vc_single_image image=&#8221;614&#8243; img_size=&#8221;full&#8221; el_class=&#8221;custom-lightbox&#8221;][vc_empty_space height=&#8221;15px&#8221;][\/vc_column][vc_column width=&#8221;1\/3&#8243;][vc_single_image image=&#8221;617&#8243; img_size=&#8221;full&#8221; el_class=&#8221;custom-lightbox&#8221;][vc_empty_space height=&#8221;15px&#8221;][\/vc_column][vc_column width=&#8221;1\/3&#8243;][vc_single_image image=&#8221;620&#8243; img_size=&#8221;full&#8221; el_class=&#8221;custom-lightbox&#8221;][vc_empty_space height=&#8221;15px&#8221;][\/vc_column][\/vc_row][vc_row][vc_column width=&#8221;1\/3&#8243;][vc_single_image image=&#8221;623&#8243; img_size=&#8221;full&#8221; el_class=&#8221;custom-lightbox&#8221;][vc_empty_space height=&#8221;15px&#8221;][\/vc_column][vc_column width=&#8221;1\/3&#8243;][vc_single_image image=&#8221;626&#8243; img_size=&#8221;full&#8221; el_class=&#8221;custom-lightbox&#8221;][vc_empty_space height=&#8221;15px&#8221;][\/vc_column][vc_column width=&#8221;1\/3&#8243;][vc_single_image image=&#8221;1435&#8243; img_size=&#8221;full&#8221; el_class=&#8221;custom-lightbox&#8221;][vc_empty_space height=&#8221;15px&#8221;][\/vc_column][\/vc_row][vc_row][vc_column width=&#8221;1\/3&#8243;][vc_single_image image=&#8221;643&#8243; img_size=&#8221;full&#8221; el_class=&#8221;custom-lightbox custom-border&#8221;][vc_empty_space height=&#8221;15px&#8221;][\/vc_column][vc_column width=&#8221;1\/3&#8243;][vc_single_image image=&#8221;636&#8243; img_size=&#8221;full&#8221; el_class=&#8221;custom-lightbox custom-border&#8221;][vc_empty_space height=&#8221;15px&#8221;][\/vc_column][vc_column width=&#8221;1\/3&#8243;][vc_single_image image=&#8221;639&#8243; img_size=&#8221;full&#8221; el_class=&#8221;custom-lightbox custom-border&#8221;][vc_empty_space height=&#8221;15px&#8221;][\/vc_column][\/vc_row][vc_row][vc_column][vc_empty_space height=&#8221;100px&#8221;][\/vc_column][\/vc_row][vc_row][vc_column][vc_column_text]<\/p>\n<h3 style=\"text-align: center;\">DEMANDE DE CATALOGUES ET D\u2019INFORMATIONS<\/h3>\n<p>[\/vc_column_text][\/vc_column][\/vc_row][vc_row][vc_column][vc_empty_space height=&#8221;50px&#8221;][\/vc_column][\/vc_row][vc_row][vc_column]\n<div class=\"wpcf7 no-js\" id=\"wpcf7-f1693-o1\" lang=\"fr-FR\" dir=\"ltr\" data-wpcf7-id=\"1693\">\n<div class=\"screen-reader-response\"><p role=\"status\" aria-live=\"polite\" aria-atomic=\"true\"><\/p> <ul><\/ul><\/div>\n<form action=\"\/fr\/wp-json\/wp\/v2\/pages\/1215#wpcf7-f1693-o1\" method=\"post\" class=\"wpcf7-form init\" aria-label=\"Formulaire de contact\" novalidate=\"novalidate\" data-status=\"init\">\n<div style=\"display: none;\">\n<input type=\"hidden\" name=\"_wpcf7\" value=\"1693\" \/>\n<input type=\"hidden\" name=\"_wpcf7_version\" value=\"6.0.6\" \/>\n<input type=\"hidden\" name=\"_wpcf7_locale\" value=\"fr_FR\" \/>\n<input type=\"hidden\" name=\"_wpcf7_unit_tag\" value=\"wpcf7-f1693-o1\" \/>\n<input type=\"hidden\" name=\"_wpcf7_container_post\" value=\"0\" \/>\n<input type=\"hidden\" name=\"_wpcf7_posted_data_hash\" value=\"\" \/>\n<input type=\"hidden\" name=\"_wpcf7_recaptcha_response\" value=\"\" \/>\n<\/div>\n<div class=\"row\">\n\t<div class=\"col-12 col-md-6\">\n\t\t<p><label>Pr\u00e9nom*<\/label><br \/>\n<span class=\"wpcf7-form-control-wrap\" data-name=\"nome\"><input size=\"40\" maxlength=\"400\" class=\"wpcf7-form-control wpcf7-text wpcf7-validates-as-required\" autocomplete=\"given-name\" aria-required=\"true\" aria-invalid=\"false\" value=\"\" type=\"text\" name=\"nome\" \/><\/span>\n\t\t<\/p>\n\t<\/div>\n\t<div class=\"col-12 col-md-6\">\n\t\t<p><label>Nom*<\/label><br \/>\n<span class=\"wpcf7-form-control-wrap\" data-name=\"cognome\"><input size=\"40\" maxlength=\"400\" class=\"wpcf7-form-control wpcf7-text wpcf7-validates-as-required\" autocomplete=\"family-name\" aria-required=\"true\" aria-invalid=\"false\" value=\"\" type=\"text\" name=\"cognome\" \/><\/span>\n\t\t<\/p>\n\t<\/div>\n\t<div class=\"col-12 col-md-6\">\n\t\t<p><label>T\u00e9l\u00e9phone<\/label><br \/>\n<span class=\"wpcf7-form-control-wrap\" data-name=\"telefono\"><input size=\"40\" maxlength=\"400\" class=\"wpcf7-form-control wpcf7-tel wpcf7-text wpcf7-validates-as-tel\" autocomplete=\"tel\" aria-invalid=\"false\" value=\"\" type=\"tel\" name=\"telefono\" \/><\/span>\n\t\t<\/p>\n\t<\/div>\n\t<div class=\"col-12 col-md-6\">\n\t\t<p><label>E-mail*<\/label><br \/>\n<span class=\"wpcf7-form-control-wrap\" data-name=\"mail\"><input size=\"40\" maxlength=\"400\" class=\"wpcf7-form-control wpcf7-email wpcf7-validates-as-required wpcf7-text wpcf7-validates-as-email\" autocomplete=\"email\" aria-required=\"true\" aria-invalid=\"false\" value=\"\" type=\"email\" name=\"mail\" \/><\/span>\n\t\t<\/p>\n\t<\/div>\n\t<div class=\"col-12 col-md-6\">\n\t\t<p><label>Pays d\u2019origine*<\/label><br \/>\n<span class=\"wpcf7-form-control-wrap\" data-name=\"nazione\"><input size=\"40\" maxlength=\"400\" class=\"wpcf7-form-control wpcf7-text wpcf7-validates-as-required\" aria-required=\"true\" aria-invalid=\"false\" value=\"\" type=\"text\" name=\"nazione\" \/><\/span>\n\t\t<\/p>\n\t<\/div>\n\t<div class=\"col-12 col-md-6\">\n\t\t<p><label>Ville*<\/label><br \/>\n<span class=\"wpcf7-form-control-wrap\" data-name=\"citta\"><input size=\"40\" maxlength=\"400\" class=\"wpcf7-form-control wpcf7-text wpcf7-validates-as-required\" aria-required=\"true\" aria-invalid=\"false\" value=\"\" type=\"text\" name=\"citta\" \/><\/span>\n\t\t<\/p>\n\t<\/div>\n\t<div class=\"col-12 col-md-6\">\n\t\t<p><label> Cat\u00e9gorie <\/label><br \/>\n<span class=\"wpcf7-form-control-wrap\" data-name=\"categoria\"><select class=\"wpcf7-form-control wpcf7-select wpcf7-validates-as-required\" aria-required=\"true\" aria-invalid=\"false\" name=\"categoria\"><option value=\"\">--S\u00e9lectionner--<\/option><option value=\"Priv\u00e9\">Priv\u00e9<\/option><option value=\"Boutique\">Boutique<\/option><option value=\"Architecte\">Architecte<\/option><option value=\"Agent\">Agent<\/option><option value=\"H\u00f4tels\">H\u00f4tels<\/option><option value=\"Autre\">Autre<\/option><\/select><\/span>\n\t\t<\/p>\n\t<\/div>\n\t<div class=\"col-12 col-md-12\">\n\t\t<p class=\"mt-5\">Ayant lu et compris la <a href=\"\/fr\/privacy-e-cookie\/\" target=\"_blank\">politique de confidentialit\u00e9<\/a>, je consens\/d\u00e9sapprouve par la pr\u00e9sente le traitement de mes donn\u00e9es personnelles dans le but de traiter les demandes faites par les utilisateurs dans la section \"Contactez-nous\" du site et de la mani\u00e8re mieux sp\u00e9cifi\u00e9e dans la politique de confidentialit\u00e9 ci-dessus.\n\t\t<\/p>\n\t\t<p><span class=\"wpcf7-form-control-wrap\" data-name=\"privacy\"><span class=\"wpcf7-form-control wpcf7-checkbox wpcf7-validates-as-required\"><span class=\"wpcf7-list-item first last\"><label><input type=\"checkbox\" name=\"privacy[]\" value=\"Je suis d&#039;accord\" \/><span class=\"wpcf7-list-item-label\">Je suis d&#039;accord<\/span><\/label><\/span><\/span><\/span>\n\t\t<\/p>\n\t<\/div>\n\t<div class=\"col-12 col-md-12 mt-5 text-center\">\n\t\t<p><input class=\"wpcf7-form-control wpcf7-submit has-spinner\" type=\"submit\" value=\"DEMANDE\" \/>\n\t\t<\/p>\n\t<\/div>\n<\/div><div class=\"wpcf7-response-output\" aria-hidden=\"true\"><\/div>\n<\/form>\n<\/div>\n[\/vc_column][\/vc_row][vc_row][vc_column][vc_empty_space height=&#8221;100px&#8221;][\/vc_column][\/vc_row]<\/p>\n<\/section>","protected":false},"excerpt":{"rendered":"<p>[vc_row][vc_column][vc_empty_space height=&#8221;100px&#8221;][\/vc_column][\/vc_row][vc_row][vc_column][vc_column_text] LA PRODUCTION [\/vc_column_text][vc_empty_space height=&#8221;50px&#8221;][vc_column_text] AMEUBLEMENTS POUR MAISONS PRIV\u00c9ES ET VILLAS [\/vc_column_text][\/vc_column][\/vc_row][vc_row][vc_column][vc_empty_space height=&#8221;100px&#8221;][\/vc_column][\/vc_row][vc_row][vc_column width=&#8221;2\/12&#8243;][\/vc_column][vc_column width=&#8221;8\/12&#8243;][vc_column_text] Avec une ma\u00eetrise totale de l&#8217;\u00e9b\u00e9nisterie et de la menuiserie combin\u00e9e \u00e0 une capacit\u00e9 d&#8217;ex\u00e9cution hors du commun, Arnaboldi Interiors propose une nouvelle interpr\u00e9tation de l&#8217;ameublement, de la cuisine au salon, des syst\u00e8mes d\u2019armoires \u00e0 la zone nuit avec [&hellip;]<\/p>\n","protected":false},"author":1,"featured_media":393,"parent":0,"menu_order":0,"comment_status":"closed","ping_status":"closed","template":"hero-page.php","meta":{"footnotes":""},"class_list":["post-1215","page","type-page","status-publish","has-post-thumbnail","hentry"],"acf":[],"yoast_head":"<!-- This site is optimized with the Yoast SEO plugin v23.9 - https:\/\/yoast.com\/wordpress\/plugins\/seo\/ -->\n<title>Ameublements pour maisons priv\u00e9es et villas - Arnaboldi Interiors<\/title>\n<meta name=\"robots\" content=\"index, follow, max-snippet:-1, max-image-preview:large, max-video-preview:-1\" \/>\n<link rel=\"canonical\" href=\"https:\/\/arnaboldiinteriors.it\/fr\/ameublements-pour-maisons-privees-et-villas\/\" \/>\n<meta property=\"og:locale\" content=\"fr_FR\" \/>\n<meta property=\"og:type\" content=\"article\" \/>\n<meta property=\"og:title\" content=\"Ameublements pour maisons priv\u00e9es et villas - Arnaboldi Interiors\" \/>\n<meta property=\"og:description\" content=\"[vc_row][vc_column][vc_empty_space height=&#8221;100px&#8221;][\/vc_column][\/vc_row][vc_row][vc_column][vc_column_text] LA PRODUCTION [\/vc_column_text][vc_empty_space height=&#8221;50px&#8221;][vc_column_text] AMEUBLEMENTS POUR MAISONS PRIV\u00c9ES ET VILLAS [\/vc_column_text][\/vc_column][\/vc_row][vc_row][vc_column][vc_empty_space height=&#8221;100px&#8221;][\/vc_column][\/vc_row][vc_row][vc_column width=&#8221;2\/12&#8243;][\/vc_column][vc_column width=&#8221;8\/12&#8243;][vc_column_text] Avec une ma\u00eetrise totale de l&#8217;\u00e9b\u00e9nisterie et de la menuiserie combin\u00e9e \u00e0 une capacit\u00e9 d&#8217;ex\u00e9cution hors du commun, Arnaboldi Interiors propose une nouvelle interpr\u00e9tation de l&#8217;ameublement, de la cuisine au salon, des syst\u00e8mes d\u2019armoires \u00e0 la zone nuit avec [&hellip;]\" \/>\n<meta property=\"og:url\" content=\"https:\/\/arnaboldiinteriors.it\/fr\/ameublements-pour-maisons-privees-et-villas\/\" \/>\n<meta property=\"og:site_name\" content=\"Arnaboldi Interiors\" \/>\n<meta property=\"article:modified_time\" content=\"2025-02-18T13:18:10+00:00\" \/>\n<meta property=\"og:image\" content=\"https:\/\/arnaboldiinteriors.it\/wp-content\/uploads\/2023\/12\/arredi-per-case-e-ville-private-hero.jpg\" \/>\n\t<meta property=\"og:image:width\" content=\"2560\" \/>\n\t<meta property=\"og:image:height\" content=\"773\" \/>\n\t<meta property=\"og:image:type\" content=\"image\/jpeg\" \/>\n<meta name=\"twitter:card\" content=\"summary_large_image\" \/>\n<meta name=\"twitter:label1\" content=\"Dur\u00e9e de lecture estim\u00e9e\" \/>\n\t<meta name=\"twitter:data1\" content=\"1 minute\" \/>\n<script type=\"application\/ld+json\" class=\"yoast-schema-graph\">{\"@context\":\"https:\/\/schema.org\",\"@graph\":[{\"@type\":\"WebPage\",\"@id\":\"https:\/\/arnaboldiinteriors.it\/fr\/ameublements-pour-maisons-privees-et-villas\/\",\"url\":\"https:\/\/arnaboldiinteriors.it\/fr\/ameublements-pour-maisons-privees-et-villas\/\",\"name\":\"Ameublements pour maisons priv\u00e9es et villas - Arnaboldi Interiors\",\"isPartOf\":{\"@id\":\"https:\/\/arnaboldiinteriors.it\/fr\/#website\"},\"primaryImageOfPage\":{\"@id\":\"https:\/\/arnaboldiinteriors.it\/fr\/ameublements-pour-maisons-privees-et-villas\/#primaryimage\"},\"image\":{\"@id\":\"https:\/\/arnaboldiinteriors.it\/fr\/ameublements-pour-maisons-privees-et-villas\/#primaryimage\"},\"thumbnailUrl\":\"https:\/\/arnaboldiinteriors.it\/wp-content\/uploads\/2023\/12\/arredi-per-case-e-ville-private-hero.jpg\",\"datePublished\":\"2023-11-15T08:57:45+00:00\",\"dateModified\":\"2025-02-18T13:18:10+00:00\",\"breadcrumb\":{\"@id\":\"https:\/\/arnaboldiinteriors.it\/fr\/ameublements-pour-maisons-privees-et-villas\/#breadcrumb\"},\"inLanguage\":\"fr-FR\",\"potentialAction\":[{\"@type\":\"ReadAction\",\"target\":[\"https:\/\/arnaboldiinteriors.it\/fr\/ameublements-pour-maisons-privees-et-villas\/\"]}]},{\"@type\":\"ImageObject\",\"inLanguage\":\"fr-FR\",\"@id\":\"https:\/\/arnaboldiinteriors.it\/fr\/ameublements-pour-maisons-privees-et-villas\/#primaryimage\",\"url\":\"https:\/\/arnaboldiinteriors.it\/wp-content\/uploads\/2023\/12\/arredi-per-case-e-ville-private-hero.jpg\",\"contentUrl\":\"https:\/\/arnaboldiinteriors.it\/wp-content\/uploads\/2023\/12\/arredi-per-case-e-ville-private-hero.jpg\",\"width\":2560,\"height\":773,\"caption\":\"Arredi per case e ville private\"},{\"@type\":\"BreadcrumbList\",\"@id\":\"https:\/\/arnaboldiinteriors.it\/fr\/ameublements-pour-maisons-privees-et-villas\/#breadcrumb\",\"itemListElement\":[{\"@type\":\"ListItem\",\"position\":1,\"name\":\"Home\",\"item\":\"https:\/\/arnaboldiinteriors.it\/fr\/\"},{\"@type\":\"ListItem\",\"position\":2,\"name\":\"Ameublements pour maisons priv\u00e9es et villas\"}]},{\"@type\":\"WebSite\",\"@id\":\"https:\/\/arnaboldiinteriors.it\/fr\/#website\",\"url\":\"https:\/\/arnaboldiinteriors.it\/fr\/\",\"name\":\"Arnaboldi Interiors\",\"description\":\"Una storia iniziata oltre 90 anni fa\",\"publisher\":{\"@id\":\"https:\/\/arnaboldiinteriors.it\/fr\/#organization\"},\"potentialAction\":[{\"@type\":\"SearchAction\",\"target\":{\"@type\":\"EntryPoint\",\"urlTemplate\":\"https:\/\/arnaboldiinteriors.it\/fr\/?s={search_term_string}\"},\"query-input\":{\"@type\":\"PropertyValueSpecification\",\"valueRequired\":true,\"valueName\":\"search_term_string\"}}],\"inLanguage\":\"fr-FR\"},{\"@type\":\"Organization\",\"@id\":\"https:\/\/arnaboldiinteriors.it\/fr\/#organization\",\"name\":\"Arnaboldi Interiors\",\"url\":\"https:\/\/arnaboldiinteriors.it\/fr\/\",\"logo\":{\"@type\":\"ImageObject\",\"inLanguage\":\"fr-FR\",\"@id\":\"https:\/\/arnaboldiinteriors.it\/fr\/#\/schema\/logo\/image\/\",\"url\":\"https:\/\/arnaboldiinteriors.it\/wp-content\/uploads\/2023\/11\/logo-arnaboldi.png\",\"contentUrl\":\"https:\/\/arnaboldiinteriors.it\/wp-content\/uploads\/2023\/11\/logo-arnaboldi.png\",\"width\":792,\"height\":274,\"caption\":\"Arnaboldi Interiors\"},\"image\":{\"@id\":\"https:\/\/arnaboldiinteriors.it\/fr\/#\/schema\/logo\/image\/\"}}]}<\/script>\n<!-- \/ Yoast SEO plugin. -->","yoast_head_json":{"title":"Ameublements pour maisons priv\u00e9es et villas - Arnaboldi Interiors","robots":{"index":"index","follow":"follow","max-snippet":"max-snippet:-1","max-image-preview":"max-image-preview:large","max-video-preview":"max-video-preview:-1"},"canonical":"https:\/\/arnaboldiinteriors.it\/fr\/ameublements-pour-maisons-privees-et-villas\/","og_locale":"fr_FR","og_type":"article","og_title":"Ameublements pour maisons priv\u00e9es et villas - Arnaboldi Interiors","og_description":"[vc_row][vc_column][vc_empty_space height=&#8221;100px&#8221;][\/vc_column][\/vc_row][vc_row][vc_column][vc_column_text] LA PRODUCTION [\/vc_column_text][vc_empty_space height=&#8221;50px&#8221;][vc_column_text] AMEUBLEMENTS POUR MAISONS PRIV\u00c9ES ET VILLAS [\/vc_column_text][\/vc_column][\/vc_row][vc_row][vc_column][vc_empty_space height=&#8221;100px&#8221;][\/vc_column][\/vc_row][vc_row][vc_column width=&#8221;2\/12&#8243;][\/vc_column][vc_column width=&#8221;8\/12&#8243;][vc_column_text] Avec une ma\u00eetrise totale de l&#8217;\u00e9b\u00e9nisterie et de la menuiserie combin\u00e9e \u00e0 une capacit\u00e9 d&#8217;ex\u00e9cution hors du commun, Arnaboldi Interiors propose une nouvelle interpr\u00e9tation de l&#8217;ameublement, de la cuisine au salon, des syst\u00e8mes d\u2019armoires \u00e0 la zone nuit avec [&hellip;]","og_url":"https:\/\/arnaboldiinteriors.it\/fr\/ameublements-pour-maisons-privees-et-villas\/","og_site_name":"Arnaboldi Interiors","article_modified_time":"2025-02-18T13:18:10+00:00","og_image":[{"width":2560,"height":773,"url":"https:\/\/arnaboldiinteriors.it\/wp-content\/uploads\/2023\/12\/arredi-per-case-e-ville-private-hero.jpg","type":"image\/jpeg"}],"twitter_card":"summary_large_image","twitter_misc":{"Dur\u00e9e de lecture estim\u00e9e":"1 minute"},"schema":{"@context":"https:\/\/schema.org","@graph":[{"@type":"WebPage","@id":"https:\/\/arnaboldiinteriors.it\/fr\/ameublements-pour-maisons-privees-et-villas\/","url":"https:\/\/arnaboldiinteriors.it\/fr\/ameublements-pour-maisons-privees-et-villas\/","name":"Ameublements pour maisons priv\u00e9es et villas - Arnaboldi Interiors","isPartOf":{"@id":"https:\/\/arnaboldiinteriors.it\/fr\/#website"},"primaryImageOfPage":{"@id":"https:\/\/arnaboldiinteriors.it\/fr\/ameublements-pour-maisons-privees-et-villas\/#primaryimage"},"image":{"@id":"https:\/\/arnaboldiinteriors.it\/fr\/ameublements-pour-maisons-privees-et-villas\/#primaryimage"},"thumbnailUrl":"https:\/\/arnaboldiinteriors.it\/wp-content\/uploads\/2023\/12\/arredi-per-case-e-ville-private-hero.jpg","datePublished":"2023-11-15T08:57:45+00:00","dateModified":"2025-02-18T13:18:10+00:00","breadcrumb":{"@id":"https:\/\/arnaboldiinteriors.it\/fr\/ameublements-pour-maisons-privees-et-villas\/#breadcrumb"},"inLanguage":"fr-FR","potentialAction":[{"@type":"ReadAction","target":["https:\/\/arnaboldiinteriors.it\/fr\/ameublements-pour-maisons-privees-et-villas\/"]}]},{"@type":"ImageObject","inLanguage":"fr-FR","@id":"https:\/\/arnaboldiinteriors.it\/fr\/ameublements-pour-maisons-privees-et-villas\/#primaryimage","url":"https:\/\/arnaboldiinteriors.it\/wp-content\/uploads\/2023\/12\/arredi-per-case-e-ville-private-hero.jpg","contentUrl":"https:\/\/arnaboldiinteriors.it\/wp-content\/uploads\/2023\/12\/arredi-per-case-e-ville-private-hero.jpg","width":2560,"height":773,"caption":"Arredi per case e ville private"},{"@type":"BreadcrumbList","@id":"https:\/\/arnaboldiinteriors.it\/fr\/ameublements-pour-maisons-privees-et-villas\/#breadcrumb","itemListElement":[{"@type":"ListItem","position":1,"name":"Home","item":"https:\/\/arnaboldiinteriors.it\/fr\/"},{"@type":"ListItem","position":2,"name":"Ameublements pour maisons priv\u00e9es et villas"}]},{"@type":"WebSite","@id":"https:\/\/arnaboldiinteriors.it\/fr\/#website","url":"https:\/\/arnaboldiinteriors.it\/fr\/","name":"Arnaboldi Interiors","description":"Una storia iniziata oltre 90 anni fa","publisher":{"@id":"https:\/\/arnaboldiinteriors.it\/fr\/#organization"},"potentialAction":[{"@type":"SearchAction","target":{"@type":"EntryPoint","urlTemplate":"https:\/\/arnaboldiinteriors.it\/fr\/?s={search_term_string}"},"query-input":{"@type":"PropertyValueSpecification","valueRequired":true,"valueName":"search_term_string"}}],"inLanguage":"fr-FR"},{"@type":"Organization","@id":"https:\/\/arnaboldiinteriors.it\/fr\/#organization","name":"Arnaboldi Interiors","url":"https:\/\/arnaboldiinteriors.it\/fr\/","logo":{"@type":"ImageObject","inLanguage":"fr-FR","@id":"https:\/\/arnaboldiinteriors.it\/fr\/#\/schema\/logo\/image\/","url":"https:\/\/arnaboldiinteriors.it\/wp-content\/uploads\/2023\/11\/logo-arnaboldi.png","contentUrl":"https:\/\/arnaboldiinteriors.it\/wp-content\/uploads\/2023\/11\/logo-arnaboldi.png","width":792,"height":274,"caption":"Arnaboldi Interiors"},"image":{"@id":"https:\/\/arnaboldiinteriors.it\/fr\/#\/schema\/logo\/image\/"}}]}},"_links":{"self":[{"href":"https:\/\/arnaboldiinteriors.it\/fr\/wp-json\/wp\/v2\/pages\/1215","targetHints":{"allow":["GET"]}}],"collection":[{"href":"https:\/\/arnaboldiinteriors.it\/fr\/wp-json\/wp\/v2\/pages"}],"about":[{"href":"https:\/\/arnaboldiinteriors.it\/fr\/wp-json\/wp\/v2\/types\/page"}],"author":[{"embeddable":true,"href":"https:\/\/arnaboldiinteriors.it\/fr\/wp-json\/wp\/v2\/users\/1"}],"replies":[{"embeddable":true,"href":"https:\/\/arnaboldiinteriors.it\/fr\/wp-json\/wp\/v2\/comments?post=1215"}],"version-history":[{"count":20,"href":"https:\/\/arnaboldiinteriors.it\/fr\/wp-json\/wp\/v2\/pages\/1215\/revisions"}],"predecessor-version":[{"id":2829,"href":"https:\/\/arnaboldiinteriors.it\/fr\/wp-json\/wp\/v2\/pages\/1215\/revisions\/2829"}],"wp:featuredmedia":[{"embeddable":true,"href":"https:\/\/arnaboldiinteriors.it\/fr\/wp-json\/wp\/v2\/media\/393"}],"wp:attachment":[{"href":"https:\/\/arnaboldiinteriors.it\/fr\/wp-json\/wp\/v2\/media?parent=1215"}],"curies":[{"name":"wp","href":"https:\/\/api.w.org\/{rel}","templated":true}]}}