{"id":1217,"date":"2023-11-15T10:05:51","date_gmt":"2023-11-15T09:05:51","guid":{"rendered":"http:\/\/arnaboldiinteriors.it\/le-developpement-durable\/"},"modified":"2024-01-22T15:37:49","modified_gmt":"2024-01-22T14:37:49","slug":"le-developpement-durable","status":"publish","type":"page","link":"https:\/\/arnaboldiinteriors.it\/fr\/le-developpement-durable\/","title":{"rendered":"Le d\u00e9veloppement durable"},"content":{"rendered":"<section class=\"wpb-content-wrapper\"><p>[vc_row][vc_column][vc_empty_space height=&#8221;100px&#8221;][\/vc_column][\/vc_row][vc_row][vc_column][vc_column_text]<\/p>\n<p style=\"text-align: center;\">LE D\u00c9VELOPPEMENT<\/p>\n<p>[\/vc_column_text][vc_empty_space height=&#8221;50px&#8221;][vc_column_text]<\/p>\n<h1 style=\"text-align: center;\">PROJET DE<br \/>\nD\u00c9VELOPPEMENT DURABLE<\/h1>\n<p>[\/vc_column_text][\/vc_column][\/vc_row][vc_row][vc_column][vc_empty_space height=&#8221;100px&#8221;][\/vc_column][\/vc_row][vc_row][vc_column width=&#8221;2\/12&#8243;][\/vc_column][vc_column width=&#8221;8\/12&#8243;][vc_column_text]<\/p>\n<p style=\"text-align: center;\">L&#8217;attention \u00e0 l&#8217;environnement et aux personnes a toujours \u00e9t\u00e9 une pr\u00e9rogative dans l&#8217;ADN d&#8217;Arnaboldi Interiors, ce n&#8217;est pas un hasard si l&#8217;entreprise a re\u00e7u le Prix de l&#8217;efficacit\u00e9 \u00e9nerg\u00e9tique, de la production d&#8217;\u00e9nergie solaire \u00e0 l&#8217;aide des panneaux photovolta\u00efques, au processus de conversion \u00e0 l\u2019\u00e9lectricit\u00e9 de la flotte de l\u2019entreprise; de la transformation du bois certifi\u00e9 FSC\u00ae, des mat\u00e9riaux recyclables tels que le verre, \u00e0 l&#8217;utilisation de peintures hydrosolubles, \u00e0 l&#8217;emballage en carton recycl\u00e9 et \u00e0 son tour enti\u00e8rement recyclable.<\/p>\n<p>[\/vc_column_text][\/vc_column][vc_column width=&#8221;2\/12&#8243;][\/vc_column][\/vc_row][vc_row][vc_column][vc_empty_space height=&#8221;100px&#8221;][\/vc_column][\/vc_row][vc_row][vc_column][vc_single_image image=&#8221;418&#8243; img_size=&#8221;full&#8221;][\/vc_column][\/vc_row][vc_row][vc_column][vc_empty_space height=&#8221;100px&#8221;][\/vc_column][\/vc_row][vc_row][vc_column width=&#8221;2\/12&#8243;][\/vc_column][vc_column width=&#8221;8\/12&#8243;][vc_column_text]<\/p>\n<p style=\"text-align: center;\">Aujourd&#8217;hui, le d\u00e9fi d&#8217;Arnaboldi repose sur la recherche, l&#8217;innovation et des investissements croissants : un engagement concret et tangible pour prot\u00e9ger l&#8217;environnement.<\/p>\n<p>[\/vc_column_text][\/vc_column][vc_column width=&#8221;2\/12&#8243;][\/vc_column][\/vc_row][vc_row][vc_column][vc_empty_space height=&#8221;100px&#8221;][\/vc_column][\/vc_row][vc_row][vc_column][vc_column_text]<\/p>\n<h2 style=\"text-align: center;\">CONTRIBUTION<br \/>\nEFFICACIT\u00c9 \u00c9NERG\u00c9TIQU\u00c9<\/h2>\n<p>[\/vc_column_text][vc_empty_space height=&#8221;50px&#8221;][vc_column_text el_class=&#8221;custom-btn&#8221;]<\/p>\n<p style=\"text-align: center;\"><a href=\"http:\/\/arnaboldiinteriors.it\/wp-content\/uploads\/2024\/01\/TargaPermanente_rev_OK.jpg\" target=\"_blank\" rel=\"noopener\">CERTIFICATION<\/a><\/p>\n<p>[\/vc_column_text][\/vc_column][\/vc_row][vc_row][vc_column][vc_empty_space height=&#8221;100px&#8221;][\/vc_column][\/vc_row][vc_row][vc_column width=&#8221;2\/12&#8243;][\/vc_column][vc_column width=&#8221;8\/12&#8243;][vc_column_text]<\/p>\n<p style=\"text-align: center;\">Arnaboldi Interiors est en mesure de travailler avec du bois qui respecte la certification FSC pour la reforestation planifi\u00e9e, un outil qui garantit une bonne gestion des for\u00eats, c&#8217;est-\u00e0-dire une gestion qui pr\u00e9serve et d\u00e9veloppe les ressources foresti\u00e8res dans le temps, o\u00f9 sont respect\u00e9s les habitats des plantes et des animaux sauvages et o\u00f9 sont appliqu\u00e9es les fonctions de protection que la for\u00eat remplit en conditions normales envers le climat, le sol et l\u2019eau.<\/p>\n<p>[\/vc_column_text][\/vc_column][vc_column width=&#8221;2\/12&#8243;][\/vc_column][\/vc_row][vc_row][vc_column][vc_empty_space height=&#8221;100px&#8221;][\/vc_column][\/vc_row][vc_row content_placement=&#8221;middle&#8221;][vc_column width=&#8221;1\/3&#8243;][\/vc_column][vc_column width=&#8221;1\/3&#8243;][vc_single_image image=&#8221;425&#8243; img_size=&#8221;200&#215;200&#8243; alignment=&#8221;center&#8221;][\/vc_column][vc_column width=&#8221;1\/3&#8243;][\/vc_column][\/vc_row][vc_row][vc_column][vc_empty_space height=&#8221;100px&#8221;][\/vc_column][\/vc_row][vc_row][vc_column][vc_single_image image=&#8221;428&#8243; img_size=&#8221;full&#8221;][\/vc_column][\/vc_row][vc_row][vc_column][vc_empty_space height=&#8221;100px&#8221;][\/vc_column][\/vc_row][vc_row content_placement=&#8221;middle&#8221;][vc_column width=&#8221;1\/3&#8243;][\/vc_column][vc_column width=&#8221;1\/3&#8243;][vc_single_image image=&#8221;422&#8243; img_size=&#8221;full&#8221; alignment=&#8221;center&#8221;][\/vc_column][vc_column width=&#8221;1\/3&#8243;][\/vc_column][\/vc_row][vc_row][vc_column][vc_empty_space height=&#8221;100px&#8221;][\/vc_column][\/vc_row][vc_row][vc_column width=&#8221;2\/12&#8243;][\/vc_column][vc_column width=&#8221;8\/12&#8243;][vc_column_text]<\/p>\n<p style=\"text-align: center;\">Notre entreprise est en mesure de fournir la certification CARB, acronyme de California Air Resource Board, bas\u00e9e sur la r\u00e9glementation Airborne Toxic Control Measure (ATCM) dont le but est de r\u00e9duire et de contr\u00f4ler les \u00e9missions de formald\u00e9hyde des mat\u00e9riaux \u00e0 base de bois. La certification CARB, bien qu&#8217;obligatoire uniquement en Californie, a \u00e9galement \u00e9t\u00e9 adopt\u00e9e comme norme de r\u00e9f\u00e9rence par d&#8217;importantes multinationales du secteur du bois d\u2019ameublement, influen\u00e7ant de fait de nombreux producteurs europ\u00e9ens de produits semi-finis ou finis.<\/p>\n<p>[\/vc_column_text][\/vc_column][vc_column width=&#8221;2\/12&#8243;][\/vc_column][\/vc_row][vc_row][vc_column][vc_empty_space height=&#8221;100px&#8221;][\/vc_column][\/vc_row]<\/p>\n<\/section>","protected":false},"excerpt":{"rendered":"<p>[vc_row][vc_column][vc_empty_space height=&#8221;100px&#8221;][\/vc_column][\/vc_row][vc_row][vc_column][vc_column_text] LE D\u00c9VELOPPEMENT [\/vc_column_text][vc_empty_space height=&#8221;50px&#8221;][vc_column_text] PROJET DE D\u00c9VELOPPEMENT DURABLE [\/vc_column_text][\/vc_column][\/vc_row][vc_row][vc_column][vc_empty_space height=&#8221;100px&#8221;][\/vc_column][\/vc_row][vc_row][vc_column width=&#8221;2\/12&#8243;][\/vc_column][vc_column width=&#8221;8\/12&#8243;][vc_column_text] L&#8217;attention \u00e0 l&#8217;environnement et aux personnes a toujours \u00e9t\u00e9 une pr\u00e9rogative dans l&#8217;ADN d&#8217;Arnaboldi Interiors, ce n&#8217;est pas un hasard si l&#8217;entreprise a re\u00e7u le Prix de l&#8217;efficacit\u00e9 \u00e9nerg\u00e9tique, de la production d&#8217;\u00e9nergie solaire \u00e0 l&#8217;aide des panneaux photovolta\u00efques, au processus [&hellip;]<\/p>\n","protected":false},"author":1,"featured_media":416,"parent":0,"menu_order":0,"comment_status":"closed","ping_status":"closed","template":"hero-page.php","meta":{"footnotes":""},"class_list":["post-1217","page","type-page","status-publish","has-post-thumbnail","hentry"],"acf":[],"yoast_head":"<!-- This site is optimized with the Yoast SEO plugin v23.9 - https:\/\/yoast.com\/wordpress\/plugins\/seo\/ -->\n<title>Le d\u00e9veloppement durable - Arnaboldi Interiors<\/title>\n<meta name=\"robots\" content=\"index, follow, max-snippet:-1, max-image-preview:large, max-video-preview:-1\" \/>\n<link rel=\"canonical\" href=\"https:\/\/arnaboldiinteriors.it\/fr\/le-developpement-durable\/\" \/>\n<meta property=\"og:locale\" content=\"fr_FR\" \/>\n<meta property=\"og:type\" content=\"article\" \/>\n<meta property=\"og:title\" content=\"Le d\u00e9veloppement durable - Arnaboldi Interiors\" \/>\n<meta property=\"og:description\" content=\"[vc_row][vc_column][vc_empty_space height=&#8221;100px&#8221;][\/vc_column][\/vc_row][vc_row][vc_column][vc_column_text] LE D\u00c9VELOPPEMENT [\/vc_column_text][vc_empty_space height=&#8221;50px&#8221;][vc_column_text] PROJET DE D\u00c9VELOPPEMENT DURABLE [\/vc_column_text][\/vc_column][\/vc_row][vc_row][vc_column][vc_empty_space height=&#8221;100px&#8221;][\/vc_column][\/vc_row][vc_row][vc_column width=&#8221;2\/12&#8243;][\/vc_column][vc_column width=&#8221;8\/12&#8243;][vc_column_text] L&#8217;attention \u00e0 l&#8217;environnement et aux personnes a toujours \u00e9t\u00e9 une pr\u00e9rogative dans l&#8217;ADN d&#8217;Arnaboldi Interiors, ce n&#8217;est pas un hasard si l&#8217;entreprise a re\u00e7u le Prix de l&#8217;efficacit\u00e9 \u00e9nerg\u00e9tique, de la production d&#8217;\u00e9nergie solaire \u00e0 l&#8217;aide des panneaux photovolta\u00efques, au processus [&hellip;]\" \/>\n<meta property=\"og:url\" content=\"https:\/\/arnaboldiinteriors.it\/fr\/le-developpement-durable\/\" \/>\n<meta property=\"og:site_name\" content=\"Arnaboldi Interiors\" \/>\n<meta property=\"article:modified_time\" content=\"2024-01-22T14:37:49+00:00\" \/>\n<meta property=\"og:image\" content=\"https:\/\/arnaboldiinteriors.it\/wp-content\/uploads\/2023\/12\/sostenibilita-hero.jpg\" \/>\n\t<meta property=\"og:image:width\" content=\"2560\" \/>\n\t<meta property=\"og:image:height\" content=\"773\" \/>\n\t<meta property=\"og:image:type\" content=\"image\/jpeg\" \/>\n<meta name=\"twitter:card\" content=\"summary_large_image\" \/>\n<meta name=\"twitter:label1\" content=\"Dur\u00e9e de lecture estim\u00e9e\" \/>\n\t<meta name=\"twitter:data1\" content=\"2 minutes\" \/>\n<script type=\"application\/ld+json\" class=\"yoast-schema-graph\">{\"@context\":\"https:\/\/schema.org\",\"@graph\":[{\"@type\":\"WebPage\",\"@id\":\"https:\/\/arnaboldiinteriors.it\/fr\/le-developpement-durable\/\",\"url\":\"https:\/\/arnaboldiinteriors.it\/fr\/le-developpement-durable\/\",\"name\":\"Le d\u00e9veloppement durable - Arnaboldi Interiors\",\"isPartOf\":{\"@id\":\"https:\/\/arnaboldiinteriors.it\/fr\/#website\"},\"primaryImageOfPage\":{\"@id\":\"https:\/\/arnaboldiinteriors.it\/fr\/le-developpement-durable\/#primaryimage\"},\"image\":{\"@id\":\"https:\/\/arnaboldiinteriors.it\/fr\/le-developpement-durable\/#primaryimage\"},\"thumbnailUrl\":\"https:\/\/arnaboldiinteriors.it\/wp-content\/uploads\/2023\/12\/sostenibilita-hero.jpg\",\"datePublished\":\"2023-11-15T09:05:51+00:00\",\"dateModified\":\"2024-01-22T14:37:49+00:00\",\"breadcrumb\":{\"@id\":\"https:\/\/arnaboldiinteriors.it\/fr\/le-developpement-durable\/#breadcrumb\"},\"inLanguage\":\"fr-FR\",\"potentialAction\":[{\"@type\":\"ReadAction\",\"target\":[\"https:\/\/arnaboldiinteriors.it\/fr\/le-developpement-durable\/\"]}]},{\"@type\":\"ImageObject\",\"inLanguage\":\"fr-FR\",\"@id\":\"https:\/\/arnaboldiinteriors.it\/fr\/le-developpement-durable\/#primaryimage\",\"url\":\"https:\/\/arnaboldiinteriors.it\/wp-content\/uploads\/2023\/12\/sostenibilita-hero.jpg\",\"contentUrl\":\"https:\/\/arnaboldiinteriors.it\/wp-content\/uploads\/2023\/12\/sostenibilita-hero.jpg\",\"width\":2560,\"height\":773,\"caption\":\"Sostenibilit\u00e0\"},{\"@type\":\"BreadcrumbList\",\"@id\":\"https:\/\/arnaboldiinteriors.it\/fr\/le-developpement-durable\/#breadcrumb\",\"itemListElement\":[{\"@type\":\"ListItem\",\"position\":1,\"name\":\"Home\",\"item\":\"https:\/\/arnaboldiinteriors.it\/fr\/\"},{\"@type\":\"ListItem\",\"position\":2,\"name\":\"Le d\u00e9veloppement durable\"}]},{\"@type\":\"WebSite\",\"@id\":\"https:\/\/arnaboldiinteriors.it\/fr\/#website\",\"url\":\"https:\/\/arnaboldiinteriors.it\/fr\/\",\"name\":\"Arnaboldi Interiors\",\"description\":\"Una storia iniziata oltre 90 anni fa\",\"publisher\":{\"@id\":\"https:\/\/arnaboldiinteriors.it\/fr\/#organization\"},\"potentialAction\":[{\"@type\":\"SearchAction\",\"target\":{\"@type\":\"EntryPoint\",\"urlTemplate\":\"https:\/\/arnaboldiinteriors.it\/fr\/?s={search_term_string}\"},\"query-input\":{\"@type\":\"PropertyValueSpecification\",\"valueRequired\":true,\"valueName\":\"search_term_string\"}}],\"inLanguage\":\"fr-FR\"},{\"@type\":\"Organization\",\"@id\":\"https:\/\/arnaboldiinteriors.it\/fr\/#organization\",\"name\":\"Arnaboldi Interiors\",\"url\":\"https:\/\/arnaboldiinteriors.it\/fr\/\",\"logo\":{\"@type\":\"ImageObject\",\"inLanguage\":\"fr-FR\",\"@id\":\"https:\/\/arnaboldiinteriors.it\/fr\/#\/schema\/logo\/image\/\",\"url\":\"https:\/\/arnaboldiinteriors.it\/wp-content\/uploads\/2023\/11\/logo-arnaboldi.png\",\"contentUrl\":\"https:\/\/arnaboldiinteriors.it\/wp-content\/uploads\/2023\/11\/logo-arnaboldi.png\",\"width\":792,\"height\":274,\"caption\":\"Arnaboldi Interiors\"},\"image\":{\"@id\":\"https:\/\/arnaboldiinteriors.it\/fr\/#\/schema\/logo\/image\/\"}}]}<\/script>\n<!-- \/ Yoast SEO plugin. -->","yoast_head_json":{"title":"Le d\u00e9veloppement durable - Arnaboldi Interiors","robots":{"index":"index","follow":"follow","max-snippet":"max-snippet:-1","max-image-preview":"max-image-preview:large","max-video-preview":"max-video-preview:-1"},"canonical":"https:\/\/arnaboldiinteriors.it\/fr\/le-developpement-durable\/","og_locale":"fr_FR","og_type":"article","og_title":"Le d\u00e9veloppement durable - Arnaboldi Interiors","og_description":"[vc_row][vc_column][vc_empty_space height=&#8221;100px&#8221;][\/vc_column][\/vc_row][vc_row][vc_column][vc_column_text] LE D\u00c9VELOPPEMENT [\/vc_column_text][vc_empty_space height=&#8221;50px&#8221;][vc_column_text] PROJET DE D\u00c9VELOPPEMENT DURABLE [\/vc_column_text][\/vc_column][\/vc_row][vc_row][vc_column][vc_empty_space height=&#8221;100px&#8221;][\/vc_column][\/vc_row][vc_row][vc_column width=&#8221;2\/12&#8243;][\/vc_column][vc_column width=&#8221;8\/12&#8243;][vc_column_text] L&#8217;attention \u00e0 l&#8217;environnement et aux personnes a toujours \u00e9t\u00e9 une pr\u00e9rogative dans l&#8217;ADN d&#8217;Arnaboldi Interiors, ce n&#8217;est pas un hasard si l&#8217;entreprise a re\u00e7u le Prix de l&#8217;efficacit\u00e9 \u00e9nerg\u00e9tique, de la production d&#8217;\u00e9nergie solaire \u00e0 l&#8217;aide des panneaux photovolta\u00efques, au processus [&hellip;]","og_url":"https:\/\/arnaboldiinteriors.it\/fr\/le-developpement-durable\/","og_site_name":"Arnaboldi Interiors","article_modified_time":"2024-01-22T14:37:49+00:00","og_image":[{"width":2560,"height":773,"url":"https:\/\/arnaboldiinteriors.it\/wp-content\/uploads\/2023\/12\/sostenibilita-hero.jpg","type":"image\/jpeg"}],"twitter_card":"summary_large_image","twitter_misc":{"Dur\u00e9e de lecture estim\u00e9e":"2 minutes"},"schema":{"@context":"https:\/\/schema.org","@graph":[{"@type":"WebPage","@id":"https:\/\/arnaboldiinteriors.it\/fr\/le-developpement-durable\/","url":"https:\/\/arnaboldiinteriors.it\/fr\/le-developpement-durable\/","name":"Le d\u00e9veloppement durable - Arnaboldi Interiors","isPartOf":{"@id":"https:\/\/arnaboldiinteriors.it\/fr\/#website"},"primaryImageOfPage":{"@id":"https:\/\/arnaboldiinteriors.it\/fr\/le-developpement-durable\/#primaryimage"},"image":{"@id":"https:\/\/arnaboldiinteriors.it\/fr\/le-developpement-durable\/#primaryimage"},"thumbnailUrl":"https:\/\/arnaboldiinteriors.it\/wp-content\/uploads\/2023\/12\/sostenibilita-hero.jpg","datePublished":"2023-11-15T09:05:51+00:00","dateModified":"2024-01-22T14:37:49+00:00","breadcrumb":{"@id":"https:\/\/arnaboldiinteriors.it\/fr\/le-developpement-durable\/#breadcrumb"},"inLanguage":"fr-FR","potentialAction":[{"@type":"ReadAction","target":["https:\/\/arnaboldiinteriors.it\/fr\/le-developpement-durable\/"]}]},{"@type":"ImageObject","inLanguage":"fr-FR","@id":"https:\/\/arnaboldiinteriors.it\/fr\/le-developpement-durable\/#primaryimage","url":"https:\/\/arnaboldiinteriors.it\/wp-content\/uploads\/2023\/12\/sostenibilita-hero.jpg","contentUrl":"https:\/\/arnaboldiinteriors.it\/wp-content\/uploads\/2023\/12\/sostenibilita-hero.jpg","width":2560,"height":773,"caption":"Sostenibilit\u00e0"},{"@type":"BreadcrumbList","@id":"https:\/\/arnaboldiinteriors.it\/fr\/le-developpement-durable\/#breadcrumb","itemListElement":[{"@type":"ListItem","position":1,"name":"Home","item":"https:\/\/arnaboldiinteriors.it\/fr\/"},{"@type":"ListItem","position":2,"name":"Le d\u00e9veloppement durable"}]},{"@type":"WebSite","@id":"https:\/\/arnaboldiinteriors.it\/fr\/#website","url":"https:\/\/arnaboldiinteriors.it\/fr\/","name":"Arnaboldi Interiors","description":"Una storia iniziata oltre 90 anni fa","publisher":{"@id":"https:\/\/arnaboldiinteriors.it\/fr\/#organization"},"potentialAction":[{"@type":"SearchAction","target":{"@type":"EntryPoint","urlTemplate":"https:\/\/arnaboldiinteriors.it\/fr\/?s={search_term_string}"},"query-input":{"@type":"PropertyValueSpecification","valueRequired":true,"valueName":"search_term_string"}}],"inLanguage":"fr-FR"},{"@type":"Organization","@id":"https:\/\/arnaboldiinteriors.it\/fr\/#organization","name":"Arnaboldi Interiors","url":"https:\/\/arnaboldiinteriors.it\/fr\/","logo":{"@type":"ImageObject","inLanguage":"fr-FR","@id":"https:\/\/arnaboldiinteriors.it\/fr\/#\/schema\/logo\/image\/","url":"https:\/\/arnaboldiinteriors.it\/wp-content\/uploads\/2023\/11\/logo-arnaboldi.png","contentUrl":"https:\/\/arnaboldiinteriors.it\/wp-content\/uploads\/2023\/11\/logo-arnaboldi.png","width":792,"height":274,"caption":"Arnaboldi Interiors"},"image":{"@id":"https:\/\/arnaboldiinteriors.it\/fr\/#\/schema\/logo\/image\/"}}]}},"_links":{"self":[{"href":"https:\/\/arnaboldiinteriors.it\/fr\/wp-json\/wp\/v2\/pages\/1217","targetHints":{"allow":["GET"]}}],"collection":[{"href":"https:\/\/arnaboldiinteriors.it\/fr\/wp-json\/wp\/v2\/pages"}],"about":[{"href":"https:\/\/arnaboldiinteriors.it\/fr\/wp-json\/wp\/v2\/types\/page"}],"author":[{"embeddable":true,"href":"https:\/\/arnaboldiinteriors.it\/fr\/wp-json\/wp\/v2\/users\/1"}],"replies":[{"embeddable":true,"href":"https:\/\/arnaboldiinteriors.it\/fr\/wp-json\/wp\/v2\/comments?post=1217"}],"version-history":[{"count":7,"href":"https:\/\/arnaboldiinteriors.it\/fr\/wp-json\/wp\/v2\/pages\/1217\/revisions"}],"predecessor-version":[{"id":1746,"href":"https:\/\/arnaboldiinteriors.it\/fr\/wp-json\/wp\/v2\/pages\/1217\/revisions\/1746"}],"wp:featuredmedia":[{"embeddable":true,"href":"https:\/\/arnaboldiinteriors.it\/fr\/wp-json\/wp\/v2\/media\/416"}],"wp:attachment":[{"href":"https:\/\/arnaboldiinteriors.it\/fr\/wp-json\/wp\/v2\/media?parent=1217"}],"curies":[{"name":"wp","href":"https:\/\/api.w.org\/{rel}","templated":true}]}}