{"id":1245,"date":"2023-11-15T10:01:06","date_gmt":"2023-11-15T09:01:06","guid":{"rendered":"http:\/\/arnaboldiinteriors.it\/portes-contemporaines\/"},"modified":"2024-01-31T14:46:27","modified_gmt":"2024-01-31T13:46:27","slug":"portes-contemporaines","status":"publish","type":"page","link":"https:\/\/arnaboldiinteriors.it\/fr\/portes-contemporaines\/","title":{"rendered":"Portes contemporaines"},"content":{"rendered":"<section class=\"wpb-content-wrapper\"><p>[vc_row][vc_column][vc_empty_space height=&#8221;100px&#8221;][\/vc_column][\/vc_row][vc_row][vc_column][vc_column_text]<\/p>\n<p style=\"text-align: center;\">LA PRODUCTION<\/p>\n<p>[\/vc_column_text][vc_empty_space height=&#8221;50px&#8221;][vc_column_text]<\/p>\n<h1 style=\"text-align: center;\">PORTES CONTEMPORAINES<\/h1>\n<p>[\/vc_column_text][vc_column_text]<\/p>\n<h3 style=\"text-align: center;\">PORTES INTERNES ET PORTAILS<\/h3>\n<p>[\/vc_column_text][\/vc_column][\/vc_row][vc_row][vc_column][vc_empty_space height=&#8221;100px&#8221;][\/vc_column][\/vc_row][vc_row][vc_column width=&#8221;2\/12&#8243;][\/vc_column][vc_column width=&#8221;8\/12&#8243;][vc_column_text]<\/p>\n<p style=\"text-align: center;\">Arnaboldi Interiors propose une large gamme de portes d\u2019int\u00e9rieur, battantes ou coulissantes, individuelles ou doubles, souvent coordonn\u00e9es avec la boiserie, toutes personnalisables et sur mesure car r\u00e9alis\u00e9es en mode artisanal, avec possibilit\u00e9 de finitions diff\u00e9rentes entre l&#8217;int\u00e9rieur et l&#8217;ext\u00e9rieur.<br \/>\nLe savoir-faire artisanal nous permet de r\u00e9aliser des portes internes et des portails de diff\u00e9rents types, du style contemporain au style classique.<\/p>\n<p>[\/vc_column_text][\/vc_column][vc_column width=&#8221;2\/12&#8243;][\/vc_column][\/vc_row][vc_row][vc_column][vc_empty_space height=&#8221;100px&#8221;][\/vc_column][\/vc_row][vc_row][vc_column width=&#8221;1\/3&#8243;][vc_single_image image=&#8221;845&#8243; img_size=&#8221;full&#8221; el_class=&#8221;custom-lightbox custom-border&#8221;][vc_empty_space height=&#8221;15px&#8221;][\/vc_column][vc_column width=&#8221;1\/3&#8243;][vc_single_image image=&#8221;849&#8243; img_size=&#8221;full&#8221; el_class=&#8221;custom-lightbox custom-border&#8221;][vc_empty_space height=&#8221;15px&#8221;][\/vc_column][\/vc_row][vc_row][vc_column width=&#8221;1\/3&#8243;][vc_single_image image=&#8221;886&#8243; img_size=&#8221;full&#8221; el_class=&#8221;custom-lightbox custom-border&#8221;][vc_empty_space height=&#8221;15px&#8221;][\/vc_column][vc_column width=&#8221;1\/3&#8243;][vc_single_image image=&#8221;858&#8243; img_size=&#8221;full&#8221; el_class=&#8221;custom-lightbox&#8221;][vc_empty_space height=&#8221;15px&#8221;][\/vc_column][\/vc_row][vc_row][vc_column width=&#8221;1\/3&#8243;][vc_single_image image=&#8221;864&#8243; img_size=&#8221;full&#8221; el_class=&#8221;custom-lightbox custom-border&#8221;][vc_empty_space height=&#8221;15px&#8221;][\/vc_column][vc_column width=&#8221;1\/3&#8243;][vc_single_image image=&#8221;867&#8243; img_size=&#8221;full&#8221; el_class=&#8221;custom-lightbox custom-border&#8221;][vc_empty_space height=&#8221;15px&#8221;][\/vc_column][\/vc_row][vc_row][vc_column width=&#8221;1\/3&#8243;][vc_single_image image=&#8221;873&#8243; img_size=&#8221;full&#8221; el_class=&#8221;custom-lightbox custom-border&#8221;][vc_empty_space height=&#8221;15px&#8221;][\/vc_column][vc_column width=&#8221;1\/3&#8243;][vc_single_image image=&#8221;876&#8243; img_size=&#8221;full&#8221; el_class=&#8221;custom-lightbox&#8221;][vc_empty_space height=&#8221;15px&#8221;][\/vc_column][\/vc_row][vc_row][vc_column width=&#8221;1\/3&#8243;][vc_single_image image=&#8221;879&#8243; img_size=&#8221;full&#8221; el_class=&#8221;custom-lightbox custom-border&#8221;][vc_empty_space height=&#8221;15px&#8221;][\/vc_column][vc_column width=&#8221;1\/3&#8243;][vc_single_image image=&#8221;882&#8243; img_size=&#8221;full&#8221; el_class=&#8221;custom-lightbox&#8221;][vc_empty_space height=&#8221;15px&#8221;][\/vc_column][\/vc_row][vc_row][vc_column width=&#8221;1\/3&#8243;][vc_single_image image=&#8221;890&#8243; img_size=&#8221;full&#8221; el_class=&#8221;custom-lightbox custom-border&#8221;][vc_empty_space height=&#8221;15px&#8221;][\/vc_column][vc_column width=&#8221;1\/3&#8243;][vc_single_image image=&#8221;893&#8243; img_size=&#8221;full&#8221; el_class=&#8221;custom-lightbox custom-border&#8221;][vc_empty_space height=&#8221;15px&#8221;][\/vc_column][\/vc_row][vc_row][vc_column width=&#8221;1\/3&#8243;][vc_single_image image=&#8221;899&#8243; img_size=&#8221;full&#8221; el_class=&#8221;custom-lightbox&#8221;][vc_empty_space height=&#8221;15px&#8221;][\/vc_column][vc_column width=&#8221;1\/3&#8243;][vc_single_image image=&#8221;896&#8243; img_size=&#8221;full&#8221; el_class=&#8221;custom-lightbox custom-border&#8221;][vc_empty_space height=&#8221;15px&#8221;][\/vc_column][\/vc_row][vc_row][vc_column][vc_empty_space height=&#8221;100px&#8221;][\/vc_column][\/vc_row][vc_row][vc_column width=&#8221;2\/12&#8243;][\/vc_column][vc_column width=&#8221;8\/12&#8243;][vc_column_text]<\/p>\n<p style=\"text-align: center;\">Les portes int\u00e9rieures produites par Arnaboldi Interiors sont conformes aux certifications REI en termes de r\u00e9sistance au feu des diff\u00e9rents \u00e9l\u00e9ments de construction, conform\u00e9ment \u00e0 l&#8217;arr\u00eat\u00e9 minist\u00e9riel italien du 30 novembre 1983. L&#8217;acronyme REI correspond \u00e0 R\u00e9sistance, \u00c9tanch\u00e9it\u00e9 et Isolation.<\/p>\n<p>[\/vc_column_text][\/vc_column][vc_column width=&#8221;2\/12&#8243;][\/vc_column][\/vc_row][vc_row][vc_column][vc_empty_space height=&#8221;50px&#8221;][\/vc_column][\/vc_row][vc_row][vc_column][vc_column_text el_class=&#8221;custom-btn&#8221;]<\/p>\n<p style=\"text-align: center;\"><a href=\"http:\/\/arnaboldiinteriors.it\/wp-content\/uploads\/2024\/01\/certificazioni_REI_NEW.jpg\" target=\"_blank\" rel=\"noopener\">CERTIFICATIONS REI<\/a><\/p>\n<p>[\/vc_column_text][\/vc_column][\/vc_row][vc_row][vc_column][vc_empty_space height=&#8221;100px&#8221;][vc_empty_space height=&#8221;100px&#8221;][\/vc_column][\/vc_row][vc_row][vc_column][vc_column_text]<\/p>\n<p>[\/vc_column_text][\/vc_column][\/vc_row][vc_row][vc_column][vc_empty_space height=&#8221;100px&#8221;][\/vc_column][\/vc_row][vc_row][vc_column][vc_column_text]<\/p>\n<h3 style=\"text-align: center;\">DEMANDE DE CATALOGUES ET D\u2019INFORMATIONS<\/h3>\n<p>[\/vc_column_text][\/vc_column][\/vc_row][vc_row][vc_column][vc_empty_space height=&#8221;50px&#8221;][\/vc_column][\/vc_row][vc_row][vc_column]\n<div class=\"wpcf7 no-js\" id=\"wpcf7-f1693-o1\" lang=\"fr-FR\" dir=\"ltr\" data-wpcf7-id=\"1693\">\n<div class=\"screen-reader-response\"><p role=\"status\" aria-live=\"polite\" aria-atomic=\"true\"><\/p> <ul><\/ul><\/div>\n<form action=\"\/fr\/wp-json\/wp\/v2\/pages\/1245#wpcf7-f1693-o1\" method=\"post\" class=\"wpcf7-form init\" aria-label=\"Formulaire de contact\" novalidate=\"novalidate\" data-status=\"init\">\n<div style=\"display: none;\">\n<input type=\"hidden\" name=\"_wpcf7\" value=\"1693\" \/>\n<input type=\"hidden\" name=\"_wpcf7_version\" value=\"6.0.6\" \/>\n<input type=\"hidden\" name=\"_wpcf7_locale\" value=\"fr_FR\" \/>\n<input type=\"hidden\" name=\"_wpcf7_unit_tag\" value=\"wpcf7-f1693-o1\" \/>\n<input type=\"hidden\" name=\"_wpcf7_container_post\" value=\"0\" \/>\n<input type=\"hidden\" name=\"_wpcf7_posted_data_hash\" value=\"\" \/>\n<input type=\"hidden\" name=\"_wpcf7_recaptcha_response\" value=\"\" \/>\n<\/div>\n<div class=\"row\">\n\t<div class=\"col-12 col-md-6\">\n\t\t<p><label>Pr\u00e9nom*<\/label><br \/>\n<span class=\"wpcf7-form-control-wrap\" data-name=\"nome\"><input size=\"40\" maxlength=\"400\" class=\"wpcf7-form-control wpcf7-text wpcf7-validates-as-required\" autocomplete=\"given-name\" aria-required=\"true\" aria-invalid=\"false\" value=\"\" type=\"text\" name=\"nome\" \/><\/span>\n\t\t<\/p>\n\t<\/div>\n\t<div class=\"col-12 col-md-6\">\n\t\t<p><label>Nom*<\/label><br \/>\n<span class=\"wpcf7-form-control-wrap\" data-name=\"cognome\"><input size=\"40\" maxlength=\"400\" class=\"wpcf7-form-control wpcf7-text wpcf7-validates-as-required\" autocomplete=\"family-name\" aria-required=\"true\" aria-invalid=\"false\" value=\"\" type=\"text\" name=\"cognome\" \/><\/span>\n\t\t<\/p>\n\t<\/div>\n\t<div class=\"col-12 col-md-6\">\n\t\t<p><label>T\u00e9l\u00e9phone<\/label><br \/>\n<span class=\"wpcf7-form-control-wrap\" data-name=\"telefono\"><input size=\"40\" maxlength=\"400\" class=\"wpcf7-form-control wpcf7-tel wpcf7-text wpcf7-validates-as-tel\" autocomplete=\"tel\" aria-invalid=\"false\" value=\"\" type=\"tel\" name=\"telefono\" \/><\/span>\n\t\t<\/p>\n\t<\/div>\n\t<div class=\"col-12 col-md-6\">\n\t\t<p><label>E-mail*<\/label><br \/>\n<span class=\"wpcf7-form-control-wrap\" data-name=\"mail\"><input size=\"40\" maxlength=\"400\" class=\"wpcf7-form-control wpcf7-email wpcf7-validates-as-required wpcf7-text wpcf7-validates-as-email\" autocomplete=\"email\" aria-required=\"true\" aria-invalid=\"false\" value=\"\" type=\"email\" name=\"mail\" \/><\/span>\n\t\t<\/p>\n\t<\/div>\n\t<div class=\"col-12 col-md-6\">\n\t\t<p><label>Pays d\u2019origine*<\/label><br \/>\n<span class=\"wpcf7-form-control-wrap\" data-name=\"nazione\"><input size=\"40\" maxlength=\"400\" class=\"wpcf7-form-control wpcf7-text wpcf7-validates-as-required\" aria-required=\"true\" aria-invalid=\"false\" value=\"\" type=\"text\" name=\"nazione\" \/><\/span>\n\t\t<\/p>\n\t<\/div>\n\t<div class=\"col-12 col-md-6\">\n\t\t<p><label>Ville*<\/label><br \/>\n<span class=\"wpcf7-form-control-wrap\" data-name=\"citta\"><input size=\"40\" maxlength=\"400\" class=\"wpcf7-form-control wpcf7-text wpcf7-validates-as-required\" aria-required=\"true\" aria-invalid=\"false\" value=\"\" type=\"text\" name=\"citta\" \/><\/span>\n\t\t<\/p>\n\t<\/div>\n\t<div class=\"col-12 col-md-6\">\n\t\t<p><label> Cat\u00e9gorie <\/label><br \/>\n<span class=\"wpcf7-form-control-wrap\" data-name=\"categoria\"><select class=\"wpcf7-form-control wpcf7-select wpcf7-validates-as-required\" aria-required=\"true\" aria-invalid=\"false\" name=\"categoria\"><option value=\"\">--S\u00e9lectionner--<\/option><option value=\"Priv\u00e9\">Priv\u00e9<\/option><option value=\"Boutique\">Boutique<\/option><option value=\"Architecte\">Architecte<\/option><option value=\"Agent\">Agent<\/option><option value=\"H\u00f4tels\">H\u00f4tels<\/option><option value=\"Autre\">Autre<\/option><\/select><\/span>\n\t\t<\/p>\n\t<\/div>\n\t<div class=\"col-12 col-md-12\">\n\t\t<p class=\"mt-5\">Ayant lu et compris la <a href=\"\/fr\/privacy-e-cookie\/\" target=\"_blank\">politique de confidentialit\u00e9<\/a>, je consens\/d\u00e9sapprouve par la pr\u00e9sente le traitement de mes donn\u00e9es personnelles dans le but de traiter les demandes faites par les utilisateurs dans la section \"Contactez-nous\" du site et de la mani\u00e8re mieux sp\u00e9cifi\u00e9e dans la politique de confidentialit\u00e9 ci-dessus.\n\t\t<\/p>\n\t\t<p><span class=\"wpcf7-form-control-wrap\" data-name=\"privacy\"><span class=\"wpcf7-form-control wpcf7-checkbox wpcf7-validates-as-required\"><span class=\"wpcf7-list-item first last\"><label><input type=\"checkbox\" name=\"privacy[]\" value=\"Je suis d&#039;accord\" \/><span class=\"wpcf7-list-item-label\">Je suis d&#039;accord<\/span><\/label><\/span><\/span><\/span>\n\t\t<\/p>\n\t<\/div>\n\t<div class=\"col-12 col-md-12 mt-5 text-center\">\n\t\t<p><input class=\"wpcf7-form-control wpcf7-submit has-spinner\" type=\"submit\" value=\"DEMANDE\" \/>\n\t\t<\/p>\n\t<\/div>\n<\/div><div class=\"wpcf7-response-output\" aria-hidden=\"true\"><\/div>\n<\/form>\n<\/div>\n[\/vc_column][\/vc_row][vc_row][vc_column][vc_empty_space height=&#8221;100px&#8221;][\/vc_column][\/vc_row]<\/p>\n<\/section>","protected":false},"excerpt":{"rendered":"<p>[vc_row][vc_column][vc_empty_space height=&#8221;100px&#8221;][\/vc_column][\/vc_row][vc_row][vc_column][vc_column_text] LA PRODUCTION [\/vc_column_text][vc_empty_space height=&#8221;50px&#8221;][vc_column_text] PORTES CONTEMPORAINES [\/vc_column_text][vc_column_text] PORTES INTERNES ET PORTAILS [\/vc_column_text][\/vc_column][\/vc_row][vc_row][vc_column][vc_empty_space height=&#8221;100px&#8221;][\/vc_column][\/vc_row][vc_row][vc_column width=&#8221;2\/12&#8243;][\/vc_column][vc_column width=&#8221;8\/12&#8243;][vc_column_text] Arnaboldi Interiors propose une large gamme de portes d\u2019int\u00e9rieur, battantes ou coulissantes, individuelles ou doubles, souvent coordonn\u00e9es avec la boiserie, toutes personnalisables et sur mesure car r\u00e9alis\u00e9es en mode artisanal, avec possibilit\u00e9 de finitions diff\u00e9rentes entre l&#8217;int\u00e9rieur et [&hellip;]<\/p>\n","protected":false},"author":1,"featured_media":402,"parent":0,"menu_order":0,"comment_status":"closed","ping_status":"closed","template":"hero-page.php","meta":{"footnotes":""},"class_list":["post-1245","page","type-page","status-publish","has-post-thumbnail","hentry"],"acf":[],"yoast_head":"<!-- This site is optimized with the Yoast SEO plugin v23.9 - https:\/\/yoast.com\/wordpress\/plugins\/seo\/ -->\n<title>Portes contemporaines - Arnaboldi Interiors<\/title>\n<meta name=\"robots\" content=\"index, follow, max-snippet:-1, max-image-preview:large, max-video-preview:-1\" \/>\n<link rel=\"canonical\" href=\"https:\/\/arnaboldiinteriors.it\/fr\/portes-contemporaines\/\" \/>\n<meta property=\"og:locale\" content=\"fr_FR\" \/>\n<meta property=\"og:type\" content=\"article\" \/>\n<meta property=\"og:title\" content=\"Portes contemporaines - Arnaboldi Interiors\" \/>\n<meta property=\"og:description\" content=\"[vc_row][vc_column][vc_empty_space height=&#8221;100px&#8221;][\/vc_column][\/vc_row][vc_row][vc_column][vc_column_text] LA PRODUCTION [\/vc_column_text][vc_empty_space height=&#8221;50px&#8221;][vc_column_text] PORTES CONTEMPORAINES [\/vc_column_text][vc_column_text] PORTES INTERNES ET PORTAILS [\/vc_column_text][\/vc_column][\/vc_row][vc_row][vc_column][vc_empty_space height=&#8221;100px&#8221;][\/vc_column][\/vc_row][vc_row][vc_column width=&#8221;2\/12&#8243;][\/vc_column][vc_column width=&#8221;8\/12&#8243;][vc_column_text] Arnaboldi Interiors propose une large gamme de portes d\u2019int\u00e9rieur, battantes ou coulissantes, individuelles ou doubles, souvent coordonn\u00e9es avec la boiserie, toutes personnalisables et sur mesure car r\u00e9alis\u00e9es en mode artisanal, avec possibilit\u00e9 de finitions diff\u00e9rentes entre l&#8217;int\u00e9rieur et [&hellip;]\" \/>\n<meta property=\"og:url\" content=\"https:\/\/arnaboldiinteriors.it\/fr\/portes-contemporaines\/\" \/>\n<meta property=\"og:site_name\" content=\"Arnaboldi Interiors\" \/>\n<meta property=\"article:modified_time\" content=\"2024-01-31T13:46:27+00:00\" \/>\n<meta property=\"og:image\" content=\"https:\/\/arnaboldiinteriors.it\/wp-content\/uploads\/2023\/12\/porte-contemporanee-hero.jpg\" \/>\n\t<meta property=\"og:image:width\" content=\"2560\" \/>\n\t<meta property=\"og:image:height\" content=\"773\" \/>\n\t<meta property=\"og:image:type\" content=\"image\/jpeg\" \/>\n<meta name=\"twitter:card\" content=\"summary_large_image\" \/>\n<meta name=\"twitter:label1\" content=\"Dur\u00e9e de lecture estim\u00e9e\" \/>\n\t<meta name=\"twitter:data1\" content=\"2 minutes\" \/>\n<script type=\"application\/ld+json\" class=\"yoast-schema-graph\">{\"@context\":\"https:\/\/schema.org\",\"@graph\":[{\"@type\":\"WebPage\",\"@id\":\"https:\/\/arnaboldiinteriors.it\/fr\/portes-contemporaines\/\",\"url\":\"https:\/\/arnaboldiinteriors.it\/fr\/portes-contemporaines\/\",\"name\":\"Portes contemporaines - Arnaboldi Interiors\",\"isPartOf\":{\"@id\":\"https:\/\/arnaboldiinteriors.it\/fr\/#website\"},\"primaryImageOfPage\":{\"@id\":\"https:\/\/arnaboldiinteriors.it\/fr\/portes-contemporaines\/#primaryimage\"},\"image\":{\"@id\":\"https:\/\/arnaboldiinteriors.it\/fr\/portes-contemporaines\/#primaryimage\"},\"thumbnailUrl\":\"https:\/\/arnaboldiinteriors.it\/wp-content\/uploads\/2023\/12\/porte-contemporanee-hero.jpg\",\"datePublished\":\"2023-11-15T09:01:06+00:00\",\"dateModified\":\"2024-01-31T13:46:27+00:00\",\"breadcrumb\":{\"@id\":\"https:\/\/arnaboldiinteriors.it\/fr\/portes-contemporaines\/#breadcrumb\"},\"inLanguage\":\"fr-FR\",\"potentialAction\":[{\"@type\":\"ReadAction\",\"target\":[\"https:\/\/arnaboldiinteriors.it\/fr\/portes-contemporaines\/\"]}]},{\"@type\":\"ImageObject\",\"inLanguage\":\"fr-FR\",\"@id\":\"https:\/\/arnaboldiinteriors.it\/fr\/portes-contemporaines\/#primaryimage\",\"url\":\"https:\/\/arnaboldiinteriors.it\/wp-content\/uploads\/2023\/12\/porte-contemporanee-hero.jpg\",\"contentUrl\":\"https:\/\/arnaboldiinteriors.it\/wp-content\/uploads\/2023\/12\/porte-contemporanee-hero.jpg\",\"width\":2560,\"height\":773,\"caption\":\"Porte contemporanee\"},{\"@type\":\"BreadcrumbList\",\"@id\":\"https:\/\/arnaboldiinteriors.it\/fr\/portes-contemporaines\/#breadcrumb\",\"itemListElement\":[{\"@type\":\"ListItem\",\"position\":1,\"name\":\"Home\",\"item\":\"https:\/\/arnaboldiinteriors.it\/fr\/\"},{\"@type\":\"ListItem\",\"position\":2,\"name\":\"Portes contemporaines\"}]},{\"@type\":\"WebSite\",\"@id\":\"https:\/\/arnaboldiinteriors.it\/fr\/#website\",\"url\":\"https:\/\/arnaboldiinteriors.it\/fr\/\",\"name\":\"Arnaboldi Interiors\",\"description\":\"Una storia iniziata oltre 90 anni fa\",\"publisher\":{\"@id\":\"https:\/\/arnaboldiinteriors.it\/fr\/#organization\"},\"potentialAction\":[{\"@type\":\"SearchAction\",\"target\":{\"@type\":\"EntryPoint\",\"urlTemplate\":\"https:\/\/arnaboldiinteriors.it\/fr\/?s={search_term_string}\"},\"query-input\":{\"@type\":\"PropertyValueSpecification\",\"valueRequired\":true,\"valueName\":\"search_term_string\"}}],\"inLanguage\":\"fr-FR\"},{\"@type\":\"Organization\",\"@id\":\"https:\/\/arnaboldiinteriors.it\/fr\/#organization\",\"name\":\"Arnaboldi Interiors\",\"url\":\"https:\/\/arnaboldiinteriors.it\/fr\/\",\"logo\":{\"@type\":\"ImageObject\",\"inLanguage\":\"fr-FR\",\"@id\":\"https:\/\/arnaboldiinteriors.it\/fr\/#\/schema\/logo\/image\/\",\"url\":\"https:\/\/arnaboldiinteriors.it\/wp-content\/uploads\/2023\/11\/logo-arnaboldi.png\",\"contentUrl\":\"https:\/\/arnaboldiinteriors.it\/wp-content\/uploads\/2023\/11\/logo-arnaboldi.png\",\"width\":792,\"height\":274,\"caption\":\"Arnaboldi Interiors\"},\"image\":{\"@id\":\"https:\/\/arnaboldiinteriors.it\/fr\/#\/schema\/logo\/image\/\"}}]}<\/script>\n<!-- \/ Yoast SEO plugin. -->","yoast_head_json":{"title":"Portes contemporaines - Arnaboldi Interiors","robots":{"index":"index","follow":"follow","max-snippet":"max-snippet:-1","max-image-preview":"max-image-preview:large","max-video-preview":"max-video-preview:-1"},"canonical":"https:\/\/arnaboldiinteriors.it\/fr\/portes-contemporaines\/","og_locale":"fr_FR","og_type":"article","og_title":"Portes contemporaines - Arnaboldi Interiors","og_description":"[vc_row][vc_column][vc_empty_space height=&#8221;100px&#8221;][\/vc_column][\/vc_row][vc_row][vc_column][vc_column_text] LA PRODUCTION [\/vc_column_text][vc_empty_space height=&#8221;50px&#8221;][vc_column_text] PORTES CONTEMPORAINES [\/vc_column_text][vc_column_text] PORTES INTERNES ET PORTAILS [\/vc_column_text][\/vc_column][\/vc_row][vc_row][vc_column][vc_empty_space height=&#8221;100px&#8221;][\/vc_column][\/vc_row][vc_row][vc_column width=&#8221;2\/12&#8243;][\/vc_column][vc_column width=&#8221;8\/12&#8243;][vc_column_text] Arnaboldi Interiors propose une large gamme de portes d\u2019int\u00e9rieur, battantes ou coulissantes, individuelles ou doubles, souvent coordonn\u00e9es avec la boiserie, toutes personnalisables et sur mesure car r\u00e9alis\u00e9es en mode artisanal, avec possibilit\u00e9 de finitions diff\u00e9rentes entre l&#8217;int\u00e9rieur et [&hellip;]","og_url":"https:\/\/arnaboldiinteriors.it\/fr\/portes-contemporaines\/","og_site_name":"Arnaboldi Interiors","article_modified_time":"2024-01-31T13:46:27+00:00","og_image":[{"width":2560,"height":773,"url":"https:\/\/arnaboldiinteriors.it\/wp-content\/uploads\/2023\/12\/porte-contemporanee-hero.jpg","type":"image\/jpeg"}],"twitter_card":"summary_large_image","twitter_misc":{"Dur\u00e9e de lecture estim\u00e9e":"2 minutes"},"schema":{"@context":"https:\/\/schema.org","@graph":[{"@type":"WebPage","@id":"https:\/\/arnaboldiinteriors.it\/fr\/portes-contemporaines\/","url":"https:\/\/arnaboldiinteriors.it\/fr\/portes-contemporaines\/","name":"Portes contemporaines - Arnaboldi Interiors","isPartOf":{"@id":"https:\/\/arnaboldiinteriors.it\/fr\/#website"},"primaryImageOfPage":{"@id":"https:\/\/arnaboldiinteriors.it\/fr\/portes-contemporaines\/#primaryimage"},"image":{"@id":"https:\/\/arnaboldiinteriors.it\/fr\/portes-contemporaines\/#primaryimage"},"thumbnailUrl":"https:\/\/arnaboldiinteriors.it\/wp-content\/uploads\/2023\/12\/porte-contemporanee-hero.jpg","datePublished":"2023-11-15T09:01:06+00:00","dateModified":"2024-01-31T13:46:27+00:00","breadcrumb":{"@id":"https:\/\/arnaboldiinteriors.it\/fr\/portes-contemporaines\/#breadcrumb"},"inLanguage":"fr-FR","potentialAction":[{"@type":"ReadAction","target":["https:\/\/arnaboldiinteriors.it\/fr\/portes-contemporaines\/"]}]},{"@type":"ImageObject","inLanguage":"fr-FR","@id":"https:\/\/arnaboldiinteriors.it\/fr\/portes-contemporaines\/#primaryimage","url":"https:\/\/arnaboldiinteriors.it\/wp-content\/uploads\/2023\/12\/porte-contemporanee-hero.jpg","contentUrl":"https:\/\/arnaboldiinteriors.it\/wp-content\/uploads\/2023\/12\/porte-contemporanee-hero.jpg","width":2560,"height":773,"caption":"Porte contemporanee"},{"@type":"BreadcrumbList","@id":"https:\/\/arnaboldiinteriors.it\/fr\/portes-contemporaines\/#breadcrumb","itemListElement":[{"@type":"ListItem","position":1,"name":"Home","item":"https:\/\/arnaboldiinteriors.it\/fr\/"},{"@type":"ListItem","position":2,"name":"Portes contemporaines"}]},{"@type":"WebSite","@id":"https:\/\/arnaboldiinteriors.it\/fr\/#website","url":"https:\/\/arnaboldiinteriors.it\/fr\/","name":"Arnaboldi Interiors","description":"Una storia iniziata oltre 90 anni fa","publisher":{"@id":"https:\/\/arnaboldiinteriors.it\/fr\/#organization"},"potentialAction":[{"@type":"SearchAction","target":{"@type":"EntryPoint","urlTemplate":"https:\/\/arnaboldiinteriors.it\/fr\/?s={search_term_string}"},"query-input":{"@type":"PropertyValueSpecification","valueRequired":true,"valueName":"search_term_string"}}],"inLanguage":"fr-FR"},{"@type":"Organization","@id":"https:\/\/arnaboldiinteriors.it\/fr\/#organization","name":"Arnaboldi Interiors","url":"https:\/\/arnaboldiinteriors.it\/fr\/","logo":{"@type":"ImageObject","inLanguage":"fr-FR","@id":"https:\/\/arnaboldiinteriors.it\/fr\/#\/schema\/logo\/image\/","url":"https:\/\/arnaboldiinteriors.it\/wp-content\/uploads\/2023\/11\/logo-arnaboldi.png","contentUrl":"https:\/\/arnaboldiinteriors.it\/wp-content\/uploads\/2023\/11\/logo-arnaboldi.png","width":792,"height":274,"caption":"Arnaboldi Interiors"},"image":{"@id":"https:\/\/arnaboldiinteriors.it\/fr\/#\/schema\/logo\/image\/"}}]}},"_links":{"self":[{"href":"https:\/\/arnaboldiinteriors.it\/fr\/wp-json\/wp\/v2\/pages\/1245","targetHints":{"allow":["GET"]}}],"collection":[{"href":"https:\/\/arnaboldiinteriors.it\/fr\/wp-json\/wp\/v2\/pages"}],"about":[{"href":"https:\/\/arnaboldiinteriors.it\/fr\/wp-json\/wp\/v2\/types\/page"}],"author":[{"embeddable":true,"href":"https:\/\/arnaboldiinteriors.it\/fr\/wp-json\/wp\/v2\/users\/1"}],"replies":[{"embeddable":true,"href":"https:\/\/arnaboldiinteriors.it\/fr\/wp-json\/wp\/v2\/comments?post=1245"}],"version-history":[{"count":11,"href":"https:\/\/arnaboldiinteriors.it\/fr\/wp-json\/wp\/v2\/pages\/1245\/revisions"}],"predecessor-version":[{"id":2261,"href":"https:\/\/arnaboldiinteriors.it\/fr\/wp-json\/wp\/v2\/pages\/1245\/revisions\/2261"}],"wp:featuredmedia":[{"embeddable":true,"href":"https:\/\/arnaboldiinteriors.it\/fr\/wp-json\/wp\/v2\/media\/402"}],"wp:attachment":[{"href":"https:\/\/arnaboldiinteriors.it\/fr\/wp-json\/wp\/v2\/media?parent=1245"}],"curies":[{"name":"wp","href":"https:\/\/api.w.org\/{rel}","templated":true}]}}