{"id":1360,"date":"2023-11-15T09:45:29","date_gmt":"2023-11-15T08:45:29","guid":{"rendered":"http:\/\/arnaboldiinteriors.it\/?page_id=1360"},"modified":"2024-01-24T12:21:54","modified_gmt":"2024-01-24T11:21:54","slug":"privacy-e-cookie","status":"publish","type":"page","link":"https:\/\/arnaboldiinteriors.it\/fr\/privacy-e-cookie\/","title":{"rendered":"Privacy e Cookie"},"content":{"rendered":"<section class=\"wpb-content-wrapper\"><p>[vc_row row_type=&#8221;row&#8221; use_row_as_full_screen_section=&#8221;no&#8221; type=&#8221;full_width&#8221; angled_section=&#8221;no&#8221; text_align=&#8221;left&#8221; background_image_as_pattern=&#8221;without_pattern&#8221; css=&#8221;.vc_custom_1690298208873{padding-top: 50px !important;padding-bottom: 100px !important;}&#8221; z_index=&#8221;&#8221;][vc_column][vc_column_text]<\/p>\n<p style=\"text-align: center;\">PRIVACY<\/p>\n<p>[\/vc_column_text][vc_empty_space height=&#8221;50px&#8221;][vc_column_text]<\/p>\n<h1 style=\"text-align: center;\">CONFIDENTIALIT\u00c9 ET COOKIES<\/h1>\n<p>[\/vc_column_text][vc_empty_space height=&#8221;100px&#8221;][vc_column_text]<span style=\"color: #000000;\"><span style=\"font-family: Calibri, serif;\"><b>ARNABOLDI INTERIORS SRL<\/b><\/span><span style=\"font-family: Calibri, serif;\">\u00a0,\u00a0\u00a0Responsable\u00a0\u00a0du traitement ,\u00a0souhaite vous fournir des informations sur le traitement de vos donn\u00e9es personnelles.<\/span><\/span><\/p>\n<p><span style=\"color: #000000;\">\u00a0<\/span><\/p>\n<ol>\n<li><span style=\"color: #000000;\"><span style=\"font-family: Calibri, serif;\">Finalit\u00e9 (et bases juridiques du traitement)<\/span><\/span><\/li>\n<\/ol>\n<p><span style=\"color: #000000;\"><span style=\"font-family: Calibri, serif;\">Les donn\u00e9es personnelles que vous nous fournissez ainsi que celles d\u00e9duites de la navigation sur nos sites seront utilis\u00e9es aux fins de :<\/span><\/span><\/p>\n<ol>\n<li><span style=\"color: #000000;\"><span style=\"font-family: Calibri, serif;\">a) assurer le service d&#8217;inscription sur le site et les services associ\u00e9s, pour les besoins pr\u00e9alables \u00e0 la conclusion des contrats de vente, en assurer le suivi et prot\u00e9ger les positions cr\u00e9ditrices qui en r\u00e9sultent (ex\u00e9cution du contrat entre les parties) ;<\/span> <\/span><\/li>\n<li><span style=\"color: #000000;\"><span style=\"font-family: Calibri, serif;\">b) pour des besoins op\u00e9rationnels, de gestion, administratifs et comptables, y compris l&#8217;envoi de factures commerciales par courrier \u00e9lectronique (dans le respect des obligations l\u00e9gales, notamment en mati\u00e8re fiscale) ;<\/span><\/span><\/li>\n<li><span style=\"color: #000000;\"><span style=\"font-family: Calibri, serif;\">c) permettre l&#8217;acc\u00e8s et la navigation aux sites, traiter des statistiques anonymes sur leur utilisation, v\u00e9rifier leur fonctionnement et d\u00e9terminer toute responsabilit\u00e9 en cas d&#8217;actes illicites (int\u00e9r\u00eat l\u00e9gitime d&#8217;Arnaboldi Interiors srl) ;<\/span><\/span><\/li>\n<li><span style=\"color: #000000;\"><span style=\"font-family: Calibri, serif;\">d) mener des activit\u00e9s de marketing, d&#8217;information commerciale et de promotion pour Arnaboldi Interiors srl, y compris celles bas\u00e9es sur le profilage, y compris l&#8217;envoi de newsletters et de mat\u00e9riel publicitaire \u00e9galement via des applications de messagerie.\u00a0Les activit\u00e9s de profilage qui seront r\u00e9alis\u00e9es seront bas\u00e9es sur l&#8217;analyse du comportement de navigation et d&#8217;achat et utilis\u00e9es \u00e0 des fins de publicit\u00e9 comportementale (avec consentement explicite).<\/span><\/span><\/li>\n<\/ol>\n<p><span style=\"color: #000000;\"><span style=\"font-family: Calibri, serif;\">La fourniture des donn\u00e9es aux fins contractuelles vis\u00e9es aux points\u00a0\u00a0a), b) et c)\u00a0\u00a0est obligatoire (en son absence, il n&#8217;est pas possible de donner suite au contrat de vente et \u00e0 la fourniture des services associ\u00e9s).<\/span><\/span><\/p>\n<p><span style=\"color: #000000;\"><span style=\"font-family: Calibri, serif;\">Aux fins de marketing mentionn\u00e9es au point\u00a0\u00a0d),\u00a0\u00a0il vous sera demand\u00e9 de donner votre consentement, sans pr\u00e9judice du droit de r\u00e9tractation \u00e0 tout moment (sans pr\u00e9judice de la lic\u00e9it\u00e9 du traitement pr\u00e9c\u00e9dent).<\/span><\/span><\/p>\n<p><span style=\"color: #000000;\">\u00a0<\/span><\/p>\n<ol start=\"2\">\n<li><span style=\"color: #000000;\"><span style=\"font-family: Calibri, serif;\">Biscuits<\/span><\/span><\/li>\n<\/ol>\n<p><span style=\"color: #000000;\"><span style=\"font-family: Calibri, serif;\">Arnaboldi Interiors srl souhaite \u00e9galement vous informer qu&#8217;en acc\u00e9dant au site, des \u00ab cookies \u00bb peuvent \u00eatre envoy\u00e9s sur votre ordinateur.\u00a0Arnaboldi Interiors srl se r\u00e9serve le droit d&#8217;utiliser des cookies, avec le consentement de l&#8217;utilisateur, lorsque la loi ou la r\u00e9glementation applicable l&#8217;\u00e9tablit, pour faciliter la navigation sur ce site et personnaliser les informations qui apparaissent.\u00a0Arnaboldi Interiors srl se r\u00e9serve \u00e9galement le droit d&#8217;utiliser des syst\u00e8mes similaires pour collecter des informations sur les utilisateurs du site, telles que l&#8217;adresse IP, le type de navigateur Internet et le syst\u00e8me d&#8217;exploitation utilis\u00e9 et\/ou les pages Web visit\u00e9es par un utilisateur, \u00e0 des fins statistiques ou de s\u00e9curit\u00e9.\u00a0Le site Arnaboldi Interiors srl peut collecter ces informations pour suivre l&#8217;utilisation du site et am\u00e9liorer certains aspects.\u00a0Nous utilisons notamment des cookies aux fins suivantes :<\/span><\/span><\/p>\n<p><span style=\"color: #000000;\"><span style=\"font-family: Calibri, serif;\">Cookies de navigation<\/span><\/span><\/p>\n<p><span style=\"color: #000000;\"><span style=\"font-family: Calibri, serif;\">Cookies fonctionnels<\/span><\/span><\/p>\n<p><span style=\"color: #000000;\"><span style=\"font-family: Calibri, serif;\">Cookies de statistiques et de performances<\/span><\/span><\/p>\n<p><span style=\"color: #000000;\"><span style=\"font-family: Calibri, serif;\">Cookies publicitaires et comportementaux<\/span><\/span><\/p>\n<p><span style=\"color: #000000;\"><span style=\"font-family: Calibri, serif;\">Cookies de services externes<\/span><\/span><\/p>\n<p><span style=\"color: #000000;\"><span style=\"font-family: Calibri, serif;\">Il est possible d&#8217;emp\u00eacher un site d&#8217;utiliser des cookies pour les activit\u00e9s d\u00e9crites ou il est possible de supprimer tous les cookies enregistr\u00e9s gr\u00e2ce aux outils mis \u00e0 disposition par votre navigateur.\u00a0Veuillez noter que si vous d\u00e9cidez de d\u00e9sactiver tous les cookies, certaines fonctionnalit\u00e9s du site que vous naviguez peuvent \u00eatre compromises.<\/span><\/span><\/p>\n<ol start=\"3\">\n<li><span style=\"color: #000000;\"><span style=\"font-family: Calibri, serif;\">Communication de donn\u00e9es \u2013 Transfert de donn\u00e9es \u00e0 l&#8217;\u00e9tranger<\/span><\/span><\/li>\n<\/ol>\n<p><span style=\"color: #000000;\"><span style=\"font-family: Calibri, serif;\">Les donn\u00e9es personnelles collect\u00e9es pourront \u00eatre communiqu\u00e9es, dans la mesure de leur comp\u00e9tence sp\u00e9cifique, aux administrations publiques pour l&#8217;exercice de fonctions institutionnelles, aux \u00e9tablissements bancaires, \u00e0 des entit\u00e9s sp\u00e9cialis\u00e9es dans la gestion des syst\u00e8mes d&#8217;information et\/ou des syst\u00e8mes de paiement, aux entit\u00e9s qui fournissent le les biens et services offerts par Arnaboldi Interiors srl, aux entit\u00e9s qui exercent des activit\u00e9s de transport ou d&#8217;exp\u00e9dition, aux entit\u00e9s qu&#8217;Arnaboldi Interiors srl utilise pour r\u00e9aliser des activit\u00e9s de promotion, de publicit\u00e9, de marketing et de communication, aux cabinets d&#8217;avocats et de conseil, aux sujets charg\u00e9s de conserver les comptes ou le contr\u00f4le des \u00e9tats financiers de l&#8217;entreprise, aux autorit\u00e9s publiques pour la conformit\u00e9 l\u00e9gale.<\/span><\/span><\/p>\n<p><span style=\"color: #000000;\"><span style=\"font-family: Calibri, serif;\">En aucun cas, les donn\u00e9es personnelles ne seront divulgu\u00e9es.<\/span><\/span><\/p>\n<p><span style=\"color: #000000;\"><span style=\"font-family: Calibri, serif;\">Dans la mesure strictement n\u00e9cessaire \u00e0 l&#8217;ex\u00e9cution de la relation contractuelle, vos donn\u00e9es personnelles pourront \u00eatre communiqu\u00e9es \u00e0 des tiers, comme par exemple des fournisseurs de produits et\/ou services, situ\u00e9s aussi bien au sein de l&#8217;Union europ\u00e9enne qu&#8217;en dehors de celle-ci. .\u00a0Tout transfert hors UE est r\u00e9glement\u00e9 par des contrats sp\u00e9cifiques visant \u00e0 obliger le destinataire \u00e0 respecter les garanties ad\u00e9quates pr\u00e9vues par la l\u00e9gislation en vigueur.<\/span><\/span><\/p>\n<p><span style=\"color: #000000;\">\u00a0<\/span><\/p>\n<ol start=\"4\">\n<li><span style=\"color: #000000;\"><span style=\"font-family: Calibri, serif;\">Aspects g\u00e9n\u00e9raux<\/span><\/span><\/li>\n<\/ol>\n<p><span style=\"color: #000000;\"><span style=\"font-family: Calibri, serif;\">Le traitement de vos donn\u00e9es personnelles pourra consister, outre leur collecte, \u00e0 leur enregistrement, stockage, modification, communication, annulation sous forme automatis\u00e9e ou semi-automatis\u00e9e et leur stockage des donn\u00e9es aura lieu sous forme papier et\/ou \u00e9lectronique\/informatique\/. forme optique.<\/span><\/span><\/p>\n<p><span style=\"color: #000000;\"><span style=\"font-family: Calibri, serif;\">Toutes les donn\u00e9es personnelles trait\u00e9es par Arnaboldi Interiors srl sont prot\u00e9g\u00e9es par des mesures de s\u00e9curit\u00e9 ad\u00e9quates, comme l&#8217;exige la l\u00e9gislation en vigueur et pendant le temps strictement n\u00e9cessaire pour atteindre les finalit\u00e9s mentionn\u00e9es au point 1.<\/span><\/span><\/p>\n<p><span style=\"color: #000000;\"><span style=\"font-family: Calibri, serif;\">Le crit\u00e8re retenu pour d\u00e9terminer la\u00a0\u00a0dur\u00e9e de conservation\u00a0\u00a0des donn\u00e9es personnelles est :<\/span><\/span><\/p>\n<p><span style=\"color: #000000;\"><span style=\"font-family: Calibri, serif;\">Pour les finalit\u00e9s vis\u00e9es aux points\u00a0\u00a0a) et b),\u00a0\u00a0vos donn\u00e9es seront conserv\u00e9es pendant la dur\u00e9e requise par la loi.<\/span><\/span><\/p>\n<p><span style=\"color: #000000;\"><span style=\"font-family: Calibri, serif;\">Pour les finalit\u00e9s vis\u00e9es au point\u00a0\u00a0c),\u00a0\u00a0les donn\u00e9es seront conserv\u00e9es pendant 5 ans.<\/span><\/span><\/p>\n<p><span style=\"color: #000000;\"><span style=\"font-family: Calibri, serif;\">Aux fins vis\u00e9es au point d), les donn\u00e9es seront conserv\u00e9es jusqu&#8217;\u00e0 la r\u00e9vocation du consentement ou jusqu&#8217;\u00e0 l&#8217;interruption de la relation contractuelle.<\/span><\/span><\/p>\n<p><span style=\"color: #000000;\"><span style=\"font-family: Calibri, serif;\">Comme l&#8217;exige l&#8217;art.\u00a013 et 15 du RGPD (UE) 2016\/679, nous vous rappelons que vous avez le droit de demander \u00e0 Arnaboldi Interiors srl d&#8217;acc\u00e9der \u00e0 vos donn\u00e9es personnelles, de les rectifier, de les supprimer (le cas \u00e9ch\u00e9ant) ou de limiter leur traitement.\u00a0Vous avez \u00e9galement le droit de r\u00e9voquer l&#8217;autorisation de traiter les donn\u00e9es pour lesquelles vous avez exprim\u00e9 votre consentement, ainsi que le droit de d\u00e9poser une plainte aupr\u00e8s de l&#8217;Autorit\u00e9 de protection des donn\u00e9es personnelles.<\/span><\/span><\/p>\n<p><span style=\"color: #000000;\"><span style=\"font-family: Calibri, serif;\">Tous les droits r\u00e9sum\u00e9s ci-dessus peuvent \u00eatre exerc\u00e9s en \u00e9crivant \u00e0 l&#8217;adresse :\u00a0<\/span><\/span><a href=\"mailto:info@arnaboldiinteriors.it\"><span style=\"color: #000000;\"><span style=\"font-family: Calibri, serif;\"><b>info@arnaboldiinteriors.it<\/b><\/span><\/span><\/a><\/p>\n<p><span style=\"color: #000000;\"><span style=\"font-family: Calibri, serif;\">Nous nous occuperons de vous r\u00e9pondre dans les plus brefs d\u00e9lais.<\/span><\/span><\/p>\n<p><span style=\"color: #000000;\"><span style=\"font-family: Calibri, serif;\">Le responsable du traitement est Arnaboldi Interiors srl, en la personne de la repr\u00e9sentante l\u00e9gale\u00a0\u00a0<\/span><\/span><em><span style=\"color: #000000;\"><span style=\"font-family: Calibri, serif;\">pro tempore<\/span><\/span><\/em><span style=\"color: #000000;\"><span style=\"font-family: Calibri, serif;\">\u00a0(Vanessa Arnaboldi), dont le si\u00e8ge social est situ\u00e9 Viale Cesare Cattaneo, 24<br \/>\n22063 \u2013 Cant\u00f9 fraz.\u00a0Vighizzolo<br \/>\nC\u00f4me \u2013 Italie.<\/span><\/span><\/p>\n<p><span style=\"color: #000000;\"><span style=\"font-family: Calibri, serif;\">Arnaboldi Interiors srl a pour mission particuli\u00e8re de g\u00e9rer les consentements de mani\u00e8re coh\u00e9rente et conforme et de garantir l&#8217;exercice des droits ci-dessus.<\/span><\/span><\/p>\n<p><span style=\"color: #000000;\"><span style=\"font-family: Calibri, serif;\">Arnaboldi Interiors srl est toujours joignable, pour des \u00e9claircissements, \u00e0 l&#8217;adresse e-mail :\u00a0\u00a0<\/span><\/span><a href=\"mailto:info@arnaboldiinteriors.it\"><span style=\"color: #000000;\"><span style=\"font-family: Calibri, serif;\"><b>info@arnaboldiinteriors.it<\/b><\/span><\/span><\/a>[\/vc_column_text][\/vc_column][\/vc_row]<\/p>\n<\/section>","protected":false},"excerpt":{"rendered":"<p>[vc_row row_type=&#8221;row&#8221; use_row_as_full_screen_section=&#8221;no&#8221; type=&#8221;full_width&#8221; angled_section=&#8221;no&#8221; text_align=&#8221;left&#8221; background_image_as_pattern=&#8221;without_pattern&#8221; css=&#8221;.vc_custom_1690298208873{padding-top: 50px !important;padding-bottom: 100px !important;}&#8221; z_index=&#8221;&#8221;][vc_column][vc_column_text] PRIVACY [\/vc_column_text][vc_empty_space height=&#8221;50px&#8221;][vc_column_text] CONFIDENTIALIT\u00c9 ET COOKIES [\/vc_column_text][vc_empty_space height=&#8221;100px&#8221;][vc_column_text]ARNABOLDI INTERIORS SRL\u00a0,\u00a0\u00a0Responsable\u00a0\u00a0du traitement ,\u00a0souhaite vous fournir des informations sur le traitement de vos donn\u00e9es personnelles. \u00a0 Finalit\u00e9 (et bases juridiques du traitement) Les donn\u00e9es personnelles que vous nous fournissez ainsi que celles d\u00e9duites de [&hellip;]<\/p>\n","protected":false},"author":1,"featured_media":2117,"parent":0,"menu_order":0,"comment_status":"closed","ping_status":"closed","template":"hero-page.php","meta":{"footnotes":""},"class_list":["post-1360","page","type-page","status-publish","has-post-thumbnail","hentry"],"acf":[],"yoast_head":"<!-- This site is optimized with the Yoast SEO plugin v23.9 - https:\/\/yoast.com\/wordpress\/plugins\/seo\/ -->\n<title>Privacy e Cookie - Arnaboldi Interiors<\/title>\n<meta name=\"robots\" content=\"index, follow, max-snippet:-1, max-image-preview:large, max-video-preview:-1\" \/>\n<link rel=\"canonical\" href=\"https:\/\/arnaboldiinteriors.it\/fr\/privacy-e-cookie\/\" \/>\n<meta property=\"og:locale\" content=\"fr_FR\" \/>\n<meta property=\"og:type\" content=\"article\" \/>\n<meta property=\"og:title\" content=\"Privacy e Cookie - Arnaboldi Interiors\" \/>\n<meta property=\"og:description\" content=\"[vc_row row_type=&#8221;row&#8221; use_row_as_full_screen_section=&#8221;no&#8221; type=&#8221;full_width&#8221; angled_section=&#8221;no&#8221; text_align=&#8221;left&#8221; background_image_as_pattern=&#8221;without_pattern&#8221; css=&#8221;.vc_custom_1690298208873{padding-top: 50px !important;padding-bottom: 100px !important;}&#8221; z_index=&#8221;&#8221;][vc_column][vc_column_text] PRIVACY [\/vc_column_text][vc_empty_space height=&#8221;50px&#8221;][vc_column_text] CONFIDENTIALIT\u00c9 ET COOKIES [\/vc_column_text][vc_empty_space height=&#8221;100px&#8221;][vc_column_text]ARNABOLDI INTERIORS SRL\u00a0,\u00a0\u00a0Responsable\u00a0\u00a0du traitement ,\u00a0souhaite vous fournir des informations sur le traitement de vos donn\u00e9es personnelles. \u00a0 Finalit\u00e9 (et bases juridiques du traitement) Les donn\u00e9es personnelles que vous nous fournissez ainsi que celles d\u00e9duites de [&hellip;]\" \/>\n<meta property=\"og:url\" content=\"https:\/\/arnaboldiinteriors.it\/fr\/privacy-e-cookie\/\" \/>\n<meta property=\"og:site_name\" content=\"Arnaboldi Interiors\" \/>\n<meta property=\"article:modified_time\" content=\"2024-01-24T11:21:54+00:00\" \/>\n<meta property=\"og:image\" content=\"https:\/\/arnaboldiinteriors.it\/wp-content\/uploads\/2024\/01\/privacy-hero.jpeg\" \/>\n\t<meta property=\"og:image:width\" content=\"2560\" \/>\n\t<meta property=\"og:image:height\" content=\"773\" \/>\n\t<meta property=\"og:image:type\" content=\"image\/jpeg\" \/>\n<meta name=\"twitter:card\" content=\"summary_large_image\" \/>\n<meta name=\"twitter:label1\" content=\"Dur\u00e9e de lecture estim\u00e9e\" \/>\n\t<meta name=\"twitter:data1\" content=\"6 minutes\" \/>\n<script type=\"application\/ld+json\" class=\"yoast-schema-graph\">{\"@context\":\"https:\/\/schema.org\",\"@graph\":[{\"@type\":\"WebPage\",\"@id\":\"https:\/\/arnaboldiinteriors.it\/fr\/privacy-e-cookie\/\",\"url\":\"https:\/\/arnaboldiinteriors.it\/fr\/privacy-e-cookie\/\",\"name\":\"Privacy e Cookie - Arnaboldi Interiors\",\"isPartOf\":{\"@id\":\"https:\/\/arnaboldiinteriors.it\/fr\/#website\"},\"primaryImageOfPage\":{\"@id\":\"https:\/\/arnaboldiinteriors.it\/fr\/privacy-e-cookie\/#primaryimage\"},\"image\":{\"@id\":\"https:\/\/arnaboldiinteriors.it\/fr\/privacy-e-cookie\/#primaryimage\"},\"thumbnailUrl\":\"https:\/\/arnaboldiinteriors.it\/wp-content\/uploads\/2024\/01\/privacy-hero.jpeg\",\"datePublished\":\"2023-11-15T08:45:29+00:00\",\"dateModified\":\"2024-01-24T11:21:54+00:00\",\"breadcrumb\":{\"@id\":\"https:\/\/arnaboldiinteriors.it\/fr\/privacy-e-cookie\/#breadcrumb\"},\"inLanguage\":\"fr-FR\",\"potentialAction\":[{\"@type\":\"ReadAction\",\"target\":[\"https:\/\/arnaboldiinteriors.it\/fr\/privacy-e-cookie\/\"]}]},{\"@type\":\"ImageObject\",\"inLanguage\":\"fr-FR\",\"@id\":\"https:\/\/arnaboldiinteriors.it\/fr\/privacy-e-cookie\/#primaryimage\",\"url\":\"https:\/\/arnaboldiinteriors.it\/wp-content\/uploads\/2024\/01\/privacy-hero.jpeg\",\"contentUrl\":\"https:\/\/arnaboldiinteriors.it\/wp-content\/uploads\/2024\/01\/privacy-hero.jpeg\",\"width\":2560,\"height\":773},{\"@type\":\"BreadcrumbList\",\"@id\":\"https:\/\/arnaboldiinteriors.it\/fr\/privacy-e-cookie\/#breadcrumb\",\"itemListElement\":[{\"@type\":\"ListItem\",\"position\":1,\"name\":\"Home\",\"item\":\"https:\/\/arnaboldiinteriors.it\/fr\/\"},{\"@type\":\"ListItem\",\"position\":2,\"name\":\"Privacy e Cookie\"}]},{\"@type\":\"WebSite\",\"@id\":\"https:\/\/arnaboldiinteriors.it\/fr\/#website\",\"url\":\"https:\/\/arnaboldiinteriors.it\/fr\/\",\"name\":\"Arnaboldi Interiors\",\"description\":\"Una storia iniziata oltre 90 anni fa\",\"publisher\":{\"@id\":\"https:\/\/arnaboldiinteriors.it\/fr\/#organization\"},\"potentialAction\":[{\"@type\":\"SearchAction\",\"target\":{\"@type\":\"EntryPoint\",\"urlTemplate\":\"https:\/\/arnaboldiinteriors.it\/fr\/?s={search_term_string}\"},\"query-input\":{\"@type\":\"PropertyValueSpecification\",\"valueRequired\":true,\"valueName\":\"search_term_string\"}}],\"inLanguage\":\"fr-FR\"},{\"@type\":\"Organization\",\"@id\":\"https:\/\/arnaboldiinteriors.it\/fr\/#organization\",\"name\":\"Arnaboldi Interiors\",\"url\":\"https:\/\/arnaboldiinteriors.it\/fr\/\",\"logo\":{\"@type\":\"ImageObject\",\"inLanguage\":\"fr-FR\",\"@id\":\"https:\/\/arnaboldiinteriors.it\/fr\/#\/schema\/logo\/image\/\",\"url\":\"https:\/\/arnaboldiinteriors.it\/wp-content\/uploads\/2023\/11\/logo-arnaboldi.png\",\"contentUrl\":\"https:\/\/arnaboldiinteriors.it\/wp-content\/uploads\/2023\/11\/logo-arnaboldi.png\",\"width\":792,\"height\":274,\"caption\":\"Arnaboldi Interiors\"},\"image\":{\"@id\":\"https:\/\/arnaboldiinteriors.it\/fr\/#\/schema\/logo\/image\/\"}}]}<\/script>\n<!-- \/ Yoast SEO plugin. -->","yoast_head_json":{"title":"Privacy e Cookie - Arnaboldi Interiors","robots":{"index":"index","follow":"follow","max-snippet":"max-snippet:-1","max-image-preview":"max-image-preview:large","max-video-preview":"max-video-preview:-1"},"canonical":"https:\/\/arnaboldiinteriors.it\/fr\/privacy-e-cookie\/","og_locale":"fr_FR","og_type":"article","og_title":"Privacy e Cookie - Arnaboldi Interiors","og_description":"[vc_row row_type=&#8221;row&#8221; use_row_as_full_screen_section=&#8221;no&#8221; type=&#8221;full_width&#8221; angled_section=&#8221;no&#8221; text_align=&#8221;left&#8221; background_image_as_pattern=&#8221;without_pattern&#8221; css=&#8221;.vc_custom_1690298208873{padding-top: 50px !important;padding-bottom: 100px !important;}&#8221; z_index=&#8221;&#8221;][vc_column][vc_column_text] PRIVACY [\/vc_column_text][vc_empty_space height=&#8221;50px&#8221;][vc_column_text] CONFIDENTIALIT\u00c9 ET COOKIES [\/vc_column_text][vc_empty_space height=&#8221;100px&#8221;][vc_column_text]ARNABOLDI INTERIORS SRL\u00a0,\u00a0\u00a0Responsable\u00a0\u00a0du traitement ,\u00a0souhaite vous fournir des informations sur le traitement de vos donn\u00e9es personnelles. \u00a0 Finalit\u00e9 (et bases juridiques du traitement) Les donn\u00e9es personnelles que vous nous fournissez ainsi que celles d\u00e9duites de [&hellip;]","og_url":"https:\/\/arnaboldiinteriors.it\/fr\/privacy-e-cookie\/","og_site_name":"Arnaboldi Interiors","article_modified_time":"2024-01-24T11:21:54+00:00","og_image":[{"width":2560,"height":773,"url":"https:\/\/arnaboldiinteriors.it\/wp-content\/uploads\/2024\/01\/privacy-hero.jpeg","type":"image\/jpeg"}],"twitter_card":"summary_large_image","twitter_misc":{"Dur\u00e9e de lecture estim\u00e9e":"6 minutes"},"schema":{"@context":"https:\/\/schema.org","@graph":[{"@type":"WebPage","@id":"https:\/\/arnaboldiinteriors.it\/fr\/privacy-e-cookie\/","url":"https:\/\/arnaboldiinteriors.it\/fr\/privacy-e-cookie\/","name":"Privacy e Cookie - Arnaboldi Interiors","isPartOf":{"@id":"https:\/\/arnaboldiinteriors.it\/fr\/#website"},"primaryImageOfPage":{"@id":"https:\/\/arnaboldiinteriors.it\/fr\/privacy-e-cookie\/#primaryimage"},"image":{"@id":"https:\/\/arnaboldiinteriors.it\/fr\/privacy-e-cookie\/#primaryimage"},"thumbnailUrl":"https:\/\/arnaboldiinteriors.it\/wp-content\/uploads\/2024\/01\/privacy-hero.jpeg","datePublished":"2023-11-15T08:45:29+00:00","dateModified":"2024-01-24T11:21:54+00:00","breadcrumb":{"@id":"https:\/\/arnaboldiinteriors.it\/fr\/privacy-e-cookie\/#breadcrumb"},"inLanguage":"fr-FR","potentialAction":[{"@type":"ReadAction","target":["https:\/\/arnaboldiinteriors.it\/fr\/privacy-e-cookie\/"]}]},{"@type":"ImageObject","inLanguage":"fr-FR","@id":"https:\/\/arnaboldiinteriors.it\/fr\/privacy-e-cookie\/#primaryimage","url":"https:\/\/arnaboldiinteriors.it\/wp-content\/uploads\/2024\/01\/privacy-hero.jpeg","contentUrl":"https:\/\/arnaboldiinteriors.it\/wp-content\/uploads\/2024\/01\/privacy-hero.jpeg","width":2560,"height":773},{"@type":"BreadcrumbList","@id":"https:\/\/arnaboldiinteriors.it\/fr\/privacy-e-cookie\/#breadcrumb","itemListElement":[{"@type":"ListItem","position":1,"name":"Home","item":"https:\/\/arnaboldiinteriors.it\/fr\/"},{"@type":"ListItem","position":2,"name":"Privacy e Cookie"}]},{"@type":"WebSite","@id":"https:\/\/arnaboldiinteriors.it\/fr\/#website","url":"https:\/\/arnaboldiinteriors.it\/fr\/","name":"Arnaboldi Interiors","description":"Una storia iniziata oltre 90 anni fa","publisher":{"@id":"https:\/\/arnaboldiinteriors.it\/fr\/#organization"},"potentialAction":[{"@type":"SearchAction","target":{"@type":"EntryPoint","urlTemplate":"https:\/\/arnaboldiinteriors.it\/fr\/?s={search_term_string}"},"query-input":{"@type":"PropertyValueSpecification","valueRequired":true,"valueName":"search_term_string"}}],"inLanguage":"fr-FR"},{"@type":"Organization","@id":"https:\/\/arnaboldiinteriors.it\/fr\/#organization","name":"Arnaboldi Interiors","url":"https:\/\/arnaboldiinteriors.it\/fr\/","logo":{"@type":"ImageObject","inLanguage":"fr-FR","@id":"https:\/\/arnaboldiinteriors.it\/fr\/#\/schema\/logo\/image\/","url":"https:\/\/arnaboldiinteriors.it\/wp-content\/uploads\/2023\/11\/logo-arnaboldi.png","contentUrl":"https:\/\/arnaboldiinteriors.it\/wp-content\/uploads\/2023\/11\/logo-arnaboldi.png","width":792,"height":274,"caption":"Arnaboldi Interiors"},"image":{"@id":"https:\/\/arnaboldiinteriors.it\/fr\/#\/schema\/logo\/image\/"}}]}},"_links":{"self":[{"href":"https:\/\/arnaboldiinteriors.it\/fr\/wp-json\/wp\/v2\/pages\/1360","targetHints":{"allow":["GET"]}}],"collection":[{"href":"https:\/\/arnaboldiinteriors.it\/fr\/wp-json\/wp\/v2\/pages"}],"about":[{"href":"https:\/\/arnaboldiinteriors.it\/fr\/wp-json\/wp\/v2\/types\/page"}],"author":[{"embeddable":true,"href":"https:\/\/arnaboldiinteriors.it\/fr\/wp-json\/wp\/v2\/users\/1"}],"replies":[{"embeddable":true,"href":"https:\/\/arnaboldiinteriors.it\/fr\/wp-json\/wp\/v2\/comments?post=1360"}],"version-history":[{"count":4,"href":"https:\/\/arnaboldiinteriors.it\/fr\/wp-json\/wp\/v2\/pages\/1360\/revisions"}],"predecessor-version":[{"id":2199,"href":"https:\/\/arnaboldiinteriors.it\/fr\/wp-json\/wp\/v2\/pages\/1360\/revisions\/2199"}],"wp:featuredmedia":[{"embeddable":true,"href":"https:\/\/arnaboldiinteriors.it\/fr\/wp-json\/wp\/v2\/media\/2117"}],"wp:attachment":[{"href":"https:\/\/arnaboldiinteriors.it\/fr\/wp-json\/wp\/v2\/media?parent=1360"}],"curies":[{"name":"wp","href":"https:\/\/api.w.org\/{rel}","templated":true}]}}