{"id":2763,"date":"2025-01-07T16:34:28","date_gmt":"2025-01-07T15:34:28","guid":{"rendered":"http:\/\/arnaboldiinteriors.it\/form-download\/"},"modified":"2025-01-08T14:22:22","modified_gmt":"2025-01-08T13:22:22","slug":"form-download","status":"publish","type":"page","link":"https:\/\/arnaboldiinteriors.it\/fr\/form-download\/","title":{"rendered":"Form Download"},"content":{"rendered":"<section class=\"wpb-content-wrapper\"><p>[vc_row][vc_column][vc_empty_space height=&#8221;45px&#8221;][\/vc_column][\/vc_row][vc_row][vc_column][vc_column_text]<\/p>\n<h2>Remplissez le formulaire pour t\u00e9l\u00e9charger nos catalogues<\/h2>\n<p>[\/vc_column_text][\/vc_column][\/vc_row][vc_row][vc_column][vc_empty_space height=&#8221;45px&#8221;][\/vc_column][\/vc_row][vc_row][vc_column]\n<div class=\"wpcf7 no-js\" id=\"wpcf7-f2759-o1\" lang=\"fr-FR\" dir=\"ltr\" data-wpcf7-id=\"2759\">\n<div class=\"screen-reader-response\"><p role=\"status\" aria-live=\"polite\" aria-atomic=\"true\"><\/p> <ul><\/ul><\/div>\n<form action=\"\/fr\/wp-json\/wp\/v2\/pages\/2763#wpcf7-f2759-o1\" method=\"post\" class=\"wpcf7-form init\" aria-label=\"Formulaire de contact\" novalidate=\"novalidate\" data-status=\"init\">\n<div style=\"display: none;\">\n<input type=\"hidden\" name=\"_wpcf7\" value=\"2759\" \/>\n<input type=\"hidden\" name=\"_wpcf7_version\" value=\"6.0.6\" \/>\n<input type=\"hidden\" name=\"_wpcf7_locale\" value=\"fr_FR\" \/>\n<input type=\"hidden\" name=\"_wpcf7_unit_tag\" value=\"wpcf7-f2759-o1\" \/>\n<input type=\"hidden\" name=\"_wpcf7_container_post\" value=\"0\" \/>\n<input type=\"hidden\" name=\"_wpcf7_posted_data_hash\" value=\"\" \/>\n<input type=\"hidden\" name=\"_wpcf7_recaptcha_response\" value=\"\" \/>\n<\/div>\n<div class=\"row\">\n\t<div class=\"col-12 col-md-6\">\n\t\t<p><label>Pr\u00e9nom*<\/label><br \/>\n<span class=\"wpcf7-form-control-wrap\" data-name=\"nome\"><input size=\"40\" maxlength=\"400\" class=\"wpcf7-form-control wpcf7-text wpcf7-validates-as-required\" autocomplete=\"given-name\" aria-required=\"true\" aria-invalid=\"false\" value=\"\" type=\"text\" name=\"nome\" \/><\/span>\n\t\t<\/p>\n\t<\/div>\n\t<div class=\"col-12 col-md-6\">\n\t\t<p><label>Nom*<\/label><br \/>\n<span class=\"wpcf7-form-control-wrap\" data-name=\"cognome\"><input size=\"40\" maxlength=\"400\" class=\"wpcf7-form-control wpcf7-text wpcf7-validates-as-required\" autocomplete=\"family-name\" aria-required=\"true\" aria-invalid=\"false\" value=\"\" type=\"text\" name=\"cognome\" \/><\/span>\n\t\t<\/p>\n\t<\/div>\n\t<div class=\"col-12 col-md-6\">\n\t\t<p><label>E-mail*<\/label><br \/>\n<span class=\"wpcf7-form-control-wrap\" data-name=\"mail\"><input size=\"40\" maxlength=\"400\" class=\"wpcf7-form-control wpcf7-email wpcf7-validates-as-required wpcf7-text wpcf7-validates-as-email\" autocomplete=\"email\" aria-required=\"true\" aria-invalid=\"false\" value=\"\" type=\"email\" name=\"mail\" \/><\/span>\n\t\t<\/p>\n\t<\/div>\n\t<div class=\"col-12 col-md-6\">\n\t\t<p><label>T\u00e9l\u00e9phone<\/label><br \/>\n<span class=\"wpcf7-form-control-wrap\" data-name=\"telefono\"><input size=\"40\" maxlength=\"400\" class=\"wpcf7-form-control wpcf7-tel wpcf7-text wpcf7-validates-as-tel\" autocomplete=\"tel\" aria-invalid=\"false\" value=\"\" type=\"tel\" name=\"telefono\" \/><\/span>\n\t\t<\/p>\n\t<\/div>\n\t<div class=\"col-12 col-md-6\">\n\t\t<p><label>Pays d'origine*<\/label><br \/>\n<span class=\"wpcf7-form-control-wrap\" data-name=\"nazione\"><input size=\"40\" maxlength=\"400\" class=\"wpcf7-form-control wpcf7-text wpcf7-validates-as-required\" aria-required=\"true\" aria-invalid=\"false\" value=\"\" type=\"text\" name=\"nazione\" \/><\/span>\n\t\t<\/p>\n\t<\/div>\n\t<div class=\"col-12 col-md-6\">\n\t\t<p><label>Ville*<\/label><br \/>\n<span class=\"wpcf7-form-control-wrap\" data-name=\"citta\"><input size=\"40\" maxlength=\"400\" class=\"wpcf7-form-control wpcf7-text wpcf7-validates-as-required\" aria-required=\"true\" aria-invalid=\"false\" value=\"\" type=\"text\" name=\"citta\" \/><\/span>\n\t\t<\/p>\n\t<\/div>\n\t<div class=\"col-12 col-md-6\">\n\t\t<p><label>Cat\u00e9gorie*<\/label><br \/>\n<span class=\"wpcf7-form-control-wrap\" data-name=\"categoria\"><select class=\"wpcf7-form-control wpcf7-select wpcf7-validates-as-required\" aria-required=\"true\" aria-invalid=\"false\" name=\"categoria\"><option value=\"\">--S\u00e9lectionner--<\/option><option value=\"Priv\u00e9\">Priv\u00e9<\/option><option value=\"Magasin\">Magasin<\/option><option value=\"Architecte\">Architecte<\/option><option value=\"Agent\">Agent<\/option><option value=\"H\u00f4tel\">H\u00f4tel<\/option><option value=\"Autre\">Autre<\/option><\/select><\/span>\n\t\t<\/p>\n\t<\/div>\n\t<div class=\"col-12 col-md-6\">\n\t\t<p><label>Catalogue*<\/label><br \/>\n<span class=\"wpcf7-form-control-wrap\" data-name=\"cataloghi\"><select class=\"wpcf7-form-control wpcf7-select wpcf7-validates-as-required\" aria-required=\"true\" aria-invalid=\"false\" name=\"cataloghi\"><option value=\"\">--S\u00e9lectionner--<\/option><option value=\"ARNABOLDI INTERIORS CONTRACT DIVISION\">ARNABOLDI INTERIORS CONTRACT DIVISION<\/option><option value=\"ARNABOLDI INTERIORS LUXURIOUS HOME AND HOSPITALITY\">ARNABOLDI INTERIORS LUXURIOUS HOME AND HOSPITALITY<\/option><option value=\"ARNABOLDI HOMES 2023\">ARNABOLDI HOMES 2023<\/option><option value=\"ARNABOLDI INTERIORS Luxury Doors\">ARNABOLDI INTERIORS Luxury Doors<\/option><option value=\"ARNABOLDI BROCHURE HOTEL 2019\">ARNABOLDI BROCHURE HOTEL 2019<\/option><option value=\"ARNABOLDI INTERIORS ATELIER NOVEMBER 2025\">ARNABOLDI INTERIORS ATELIER NOVEMBER 2025<\/option><option value=\"ARNABOLDI INTERIORS CATALOGO PROJECTS 2026\">ARNABOLDI INTERIORS CATALOGO PROJECTS 2026<\/option><\/select><\/span>\n\t\t<\/p>\n\t<\/div>\n\t<div class=\"col-12 col-md-12\">\n\t\t<p class=\"mt-5\">Apr\u00e8s avoir lu et compris la <a href=\"\/fr\/privacy-e-cookie\/\" target=\"_blank\">Politique de confidentialit\u00e9<\/a>, je consens\/je ne consens pas au traitement de mes donn\u00e9es personnelles aux fins de gestion des demandes formul\u00e9es par les utilisateurs dans la section 'Contactez-nous' du site et selon les modalit\u00e9s sp\u00e9cifi\u00e9es dans la politique de confidentialit\u00e9 ci-dessus.\n\t\t<\/p>\n\t\t<p><span class=\"wpcf7-form-control-wrap\" data-name=\"privacy\"><span class=\"wpcf7-form-control wpcf7-checkbox wpcf7-validates-as-required\"><span class=\"wpcf7-list-item first last\"><label><input type=\"checkbox\" name=\"privacy[]\" value=\"Je consens\" \/><span class=\"wpcf7-list-item-label\">Je consens<\/span><\/label><\/span><\/span><\/span>\n\t\t<\/p>\n\t<\/div>\n\t<div class=\"col-12 col-md-12 mt-5 text-center\">\n\t\t<p><input class=\"wpcf7-form-control wpcf7-submit has-spinner\" type=\"submit\" value=\"Demander\" \/>\n\t\t<\/p>\n\t<\/div>\n<\/div><div class=\"wpcf7-response-output\" aria-hidden=\"true\"><\/div>\n<\/form>\n<\/div>\n[\/vc_column][\/vc_row][vc_row][vc_column][vc_empty_space height=&#8221;45px&#8221;][\/vc_column][\/vc_row]<\/p>\n<\/section>","protected":false},"excerpt":{"rendered":"<p>[vc_row][vc_column][vc_empty_space height=&#8221;45px&#8221;][\/vc_column][\/vc_row][vc_row][vc_column][vc_column_text] Remplissez le formulaire pour t\u00e9l\u00e9charger nos catalogues [\/vc_column_text][\/vc_column][\/vc_row][vc_row][vc_column][vc_empty_space height=&#8221;45px&#8221;][\/vc_column][\/vc_row][vc_row][vc_column][\/vc_column][\/vc_row][vc_row][vc_column][vc_empty_space height=&#8221;45px&#8221;][\/vc_column][\/vc_row]<\/p>\n","protected":false},"author":1,"featured_media":0,"parent":0,"menu_order":0,"comment_status":"closed","ping_status":"closed","template":"","meta":{"footnotes":""},"class_list":["post-2763","page","type-page","status-publish","hentry"],"acf":[],"yoast_head":"<!-- This site is optimized with the Yoast SEO plugin v23.9 - https:\/\/yoast.com\/wordpress\/plugins\/seo\/ -->\n<title>Form Download - Arnaboldi Interiors<\/title>\n<meta name=\"robots\" content=\"index, follow, max-snippet:-1, max-image-preview:large, max-video-preview:-1\" \/>\n<link rel=\"canonical\" href=\"https:\/\/arnaboldiinteriors.it\/fr\/form-download\/\" \/>\n<meta property=\"og:locale\" content=\"fr_FR\" \/>\n<meta property=\"og:type\" content=\"article\" \/>\n<meta property=\"og:title\" content=\"Form Download - Arnaboldi Interiors\" \/>\n<meta property=\"og:description\" content=\"[vc_row][vc_column][vc_empty_space height=&#8221;45px&#8221;][\/vc_column][\/vc_row][vc_row][vc_column][vc_column_text] Remplissez le formulaire pour t\u00e9l\u00e9charger nos catalogues [\/vc_column_text][\/vc_column][\/vc_row][vc_row][vc_column][vc_empty_space height=&#8221;45px&#8221;][\/vc_column][\/vc_row][vc_row][vc_column][\/vc_column][\/vc_row][vc_row][vc_column][vc_empty_space height=&#8221;45px&#8221;][\/vc_column][\/vc_row]\" \/>\n<meta property=\"og:url\" content=\"https:\/\/arnaboldiinteriors.it\/fr\/form-download\/\" \/>\n<meta property=\"og:site_name\" content=\"Arnaboldi Interiors\" \/>\n<meta property=\"article:modified_time\" content=\"2025-01-08T13:22:22+00:00\" \/>\n<meta name=\"twitter:card\" content=\"summary_large_image\" \/>\n<script type=\"application\/ld+json\" class=\"yoast-schema-graph\">{\"@context\":\"https:\/\/schema.org\",\"@graph\":[{\"@type\":\"WebPage\",\"@id\":\"https:\/\/arnaboldiinteriors.it\/fr\/form-download\/\",\"url\":\"https:\/\/arnaboldiinteriors.it\/fr\/form-download\/\",\"name\":\"Form Download - Arnaboldi Interiors\",\"isPartOf\":{\"@id\":\"https:\/\/arnaboldiinteriors.it\/fr\/#website\"},\"datePublished\":\"2025-01-07T15:34:28+00:00\",\"dateModified\":\"2025-01-08T13:22:22+00:00\",\"breadcrumb\":{\"@id\":\"https:\/\/arnaboldiinteriors.it\/fr\/form-download\/#breadcrumb\"},\"inLanguage\":\"fr-FR\",\"potentialAction\":[{\"@type\":\"ReadAction\",\"target\":[\"https:\/\/arnaboldiinteriors.it\/fr\/form-download\/\"]}]},{\"@type\":\"BreadcrumbList\",\"@id\":\"https:\/\/arnaboldiinteriors.it\/fr\/form-download\/#breadcrumb\",\"itemListElement\":[{\"@type\":\"ListItem\",\"position\":1,\"name\":\"Home\",\"item\":\"https:\/\/arnaboldiinteriors.it\/fr\/\"},{\"@type\":\"ListItem\",\"position\":2,\"name\":\"Form Download\"}]},{\"@type\":\"WebSite\",\"@id\":\"https:\/\/arnaboldiinteriors.it\/fr\/#website\",\"url\":\"https:\/\/arnaboldiinteriors.it\/fr\/\",\"name\":\"Arnaboldi Interiors\",\"description\":\"Una storia iniziata oltre 90 anni fa\",\"publisher\":{\"@id\":\"https:\/\/arnaboldiinteriors.it\/fr\/#organization\"},\"potentialAction\":[{\"@type\":\"SearchAction\",\"target\":{\"@type\":\"EntryPoint\",\"urlTemplate\":\"https:\/\/arnaboldiinteriors.it\/fr\/?s={search_term_string}\"},\"query-input\":{\"@type\":\"PropertyValueSpecification\",\"valueRequired\":true,\"valueName\":\"search_term_string\"}}],\"inLanguage\":\"fr-FR\"},{\"@type\":\"Organization\",\"@id\":\"https:\/\/arnaboldiinteriors.it\/fr\/#organization\",\"name\":\"Arnaboldi Interiors\",\"url\":\"https:\/\/arnaboldiinteriors.it\/fr\/\",\"logo\":{\"@type\":\"ImageObject\",\"inLanguage\":\"fr-FR\",\"@id\":\"https:\/\/arnaboldiinteriors.it\/fr\/#\/schema\/logo\/image\/\",\"url\":\"https:\/\/arnaboldiinteriors.it\/wp-content\/uploads\/2023\/11\/logo-arnaboldi.png\",\"contentUrl\":\"https:\/\/arnaboldiinteriors.it\/wp-content\/uploads\/2023\/11\/logo-arnaboldi.png\",\"width\":792,\"height\":274,\"caption\":\"Arnaboldi Interiors\"},\"image\":{\"@id\":\"https:\/\/arnaboldiinteriors.it\/fr\/#\/schema\/logo\/image\/\"}}]}<\/script>\n<!-- \/ Yoast SEO plugin. -->","yoast_head_json":{"title":"Form Download - Arnaboldi Interiors","robots":{"index":"index","follow":"follow","max-snippet":"max-snippet:-1","max-image-preview":"max-image-preview:large","max-video-preview":"max-video-preview:-1"},"canonical":"https:\/\/arnaboldiinteriors.it\/fr\/form-download\/","og_locale":"fr_FR","og_type":"article","og_title":"Form Download - Arnaboldi Interiors","og_description":"[vc_row][vc_column][vc_empty_space height=&#8221;45px&#8221;][\/vc_column][\/vc_row][vc_row][vc_column][vc_column_text] Remplissez le formulaire pour t\u00e9l\u00e9charger nos catalogues [\/vc_column_text][\/vc_column][\/vc_row][vc_row][vc_column][vc_empty_space height=&#8221;45px&#8221;][\/vc_column][\/vc_row][vc_row][vc_column][\/vc_column][\/vc_row][vc_row][vc_column][vc_empty_space height=&#8221;45px&#8221;][\/vc_column][\/vc_row]","og_url":"https:\/\/arnaboldiinteriors.it\/fr\/form-download\/","og_site_name":"Arnaboldi Interiors","article_modified_time":"2025-01-08T13:22:22+00:00","twitter_card":"summary_large_image","schema":{"@context":"https:\/\/schema.org","@graph":[{"@type":"WebPage","@id":"https:\/\/arnaboldiinteriors.it\/fr\/form-download\/","url":"https:\/\/arnaboldiinteriors.it\/fr\/form-download\/","name":"Form Download - Arnaboldi Interiors","isPartOf":{"@id":"https:\/\/arnaboldiinteriors.it\/fr\/#website"},"datePublished":"2025-01-07T15:34:28+00:00","dateModified":"2025-01-08T13:22:22+00:00","breadcrumb":{"@id":"https:\/\/arnaboldiinteriors.it\/fr\/form-download\/#breadcrumb"},"inLanguage":"fr-FR","potentialAction":[{"@type":"ReadAction","target":["https:\/\/arnaboldiinteriors.it\/fr\/form-download\/"]}]},{"@type":"BreadcrumbList","@id":"https:\/\/arnaboldiinteriors.it\/fr\/form-download\/#breadcrumb","itemListElement":[{"@type":"ListItem","position":1,"name":"Home","item":"https:\/\/arnaboldiinteriors.it\/fr\/"},{"@type":"ListItem","position":2,"name":"Form Download"}]},{"@type":"WebSite","@id":"https:\/\/arnaboldiinteriors.it\/fr\/#website","url":"https:\/\/arnaboldiinteriors.it\/fr\/","name":"Arnaboldi Interiors","description":"Una storia iniziata oltre 90 anni fa","publisher":{"@id":"https:\/\/arnaboldiinteriors.it\/fr\/#organization"},"potentialAction":[{"@type":"SearchAction","target":{"@type":"EntryPoint","urlTemplate":"https:\/\/arnaboldiinteriors.it\/fr\/?s={search_term_string}"},"query-input":{"@type":"PropertyValueSpecification","valueRequired":true,"valueName":"search_term_string"}}],"inLanguage":"fr-FR"},{"@type":"Organization","@id":"https:\/\/arnaboldiinteriors.it\/fr\/#organization","name":"Arnaboldi Interiors","url":"https:\/\/arnaboldiinteriors.it\/fr\/","logo":{"@type":"ImageObject","inLanguage":"fr-FR","@id":"https:\/\/arnaboldiinteriors.it\/fr\/#\/schema\/logo\/image\/","url":"https:\/\/arnaboldiinteriors.it\/wp-content\/uploads\/2023\/11\/logo-arnaboldi.png","contentUrl":"https:\/\/arnaboldiinteriors.it\/wp-content\/uploads\/2023\/11\/logo-arnaboldi.png","width":792,"height":274,"caption":"Arnaboldi Interiors"},"image":{"@id":"https:\/\/arnaboldiinteriors.it\/fr\/#\/schema\/logo\/image\/"}}]}},"_links":{"self":[{"href":"https:\/\/arnaboldiinteriors.it\/fr\/wp-json\/wp\/v2\/pages\/2763","targetHints":{"allow":["GET"]}}],"collection":[{"href":"https:\/\/arnaboldiinteriors.it\/fr\/wp-json\/wp\/v2\/pages"}],"about":[{"href":"https:\/\/arnaboldiinteriors.it\/fr\/wp-json\/wp\/v2\/types\/page"}],"author":[{"embeddable":true,"href":"https:\/\/arnaboldiinteriors.it\/fr\/wp-json\/wp\/v2\/users\/1"}],"replies":[{"embeddable":true,"href":"https:\/\/arnaboldiinteriors.it\/fr\/wp-json\/wp\/v2\/comments?post=2763"}],"version-history":[{"count":2,"href":"https:\/\/arnaboldiinteriors.it\/fr\/wp-json\/wp\/v2\/pages\/2763\/revisions"}],"predecessor-version":[{"id":2765,"href":"https:\/\/arnaboldiinteriors.it\/fr\/wp-json\/wp\/v2\/pages\/2763\/revisions\/2765"}],"wp:attachment":[{"href":"https:\/\/arnaboldiinteriors.it\/fr\/wp-json\/wp\/v2\/media?parent=2763"}],"curies":[{"name":"wp","href":"https:\/\/api.w.org\/{rel}","templated":true}]}}